{"id":9955,"date":"2024-02-09T18:37:53","date_gmt":"2024-02-09T17:37:53","guid":{"rendered":"https:\/\/shop.swimstars.co\/produit\/camiseta-de-manga-corta-para-ninos-pequenos-2\/"},"modified":"2024-02-09T18:37:53","modified_gmt":"2024-02-09T17:37:53","slug":"camiseta-de-manga-corta-para-ninos-pequenos-2","status":"publish","type":"product","link":"https:\/\/shop.swimstars.co\/es\/produit\/camiseta-de-manga-corta-para-ninos-pequenos-2\/","title":{"rendered":"Camiseta de manga corta para ni\u00f1os peque\u00f1os"},"content":{"rendered":"<p>Aqu\u00ed tienes la camiseta perfecta, inspirada en Zo\u00e9, un personaje de Guardianes del Oc\u00e9ano. Seguro que se convertir\u00e1 en una parte esencial del vestuario de tus hijos. Ligeros y suaves, \u00a1su dise\u00f1o \u00fanico les har\u00e1 destacar entre la multitud all\u00e1 donde vayan!<\/p>\n<p>&#8211; 100% algod\u00f3n peinado e hilado en anillos<br \/>\n&#8211; Peso del tejido: 142 g\/m\u00b2 (4,2 oz\/yd\u00b2)<br \/>\n&#8211; Ajuste relajado para mayor comodidad<br \/>\n&#8211; Costura lateral<br \/>\n&#8211; Tejido preencogido<br \/>\n&#8211; Producto virgen procedente de Estados Unidos u Honduras<\/p>\n","protected":false},"excerpt":{"rendered":"<p>Aqu\u00ed tienes la camiseta perfecta, inspirada en Zo\u00e9, un personaje de Guardianes del Oc\u00e9ano. Seguro que se convertir\u00e1 en una parte esencial del vestuario de tus hijos. Ligeros y suaves, \u00a1su dise\u00f1o \u00fanico les har\u00e1 destacar entre la multitud all\u00e1 donde vayan! &#8211; 100% algod\u00f3n peinado e hilado en anillos &#8211; Peso del tejido: 142 g\/m\u00b2 (4,2 oz\/yd\u00b2) &#8211; Ajuste\u2026<\/p>\n","protected":false},"featured_media":9962,"comment_status":"open","ping_status":"closed","template":"","meta":[],"product_brand":[],"product_cat":[591],"product_tag":[],"class_list":{"0":"post-9955","1":"product","2":"type-product","3":"status-publish","4":"has-post-thumbnail","6":"product_cat-essentiels","8":"first","9":"instock","10":"taxable","11":"shipping-taxable","12":"purchasable","13":"product-type-variable"},"_links":{"self":[{"href":"https:\/\/shop.swimstars.co\/es\/wp-json\/wp\/v2\/product\/9955","targetHints":{"allow":["GET"]}}],"collection":[{"href":"https:\/\/shop.swimstars.co\/es\/wp-json\/wp\/v2\/product"}],"about":[{"href":"https:\/\/shop.swimstars.co\/es\/wp-json\/wp\/v2\/types\/product"}],"replies":[{"embeddable":true,"href":"https:\/\/shop.swimstars.co\/es\/wp-json\/wp\/v2\/comments?post=9955"}],"wp:featuredmedia":[{"embeddable":true,"href":"https:\/\/shop.swimstars.co\/es\/wp-json\/wp\/v2\/media\/9962"}],"wp:attachment":[{"href":"https:\/\/shop.swimstars.co\/es\/wp-json\/wp\/v2\/media?parent=9955"}],"wp:term":[{"taxonomy":"product_brand","embeddable":true,"href":"https:\/\/shop.swimstars.co\/es\/wp-json\/wp\/v2\/product_brand?post=9955"},{"taxonomy":"product_cat","embeddable":true,"href":"https:\/\/shop.swimstars.co\/es\/wp-json\/wp\/v2\/product_cat?post=9955"},{"taxonomy":"product_tag","embeddable":true,"href":"https:\/\/shop.swimstars.co\/es\/wp-json\/wp\/v2\/product_tag?post=9955"}],"curies":[{"name":"wp","href":"https:\/\/api.w.org\/{rel}","templated":true}]}}