{"id":7419,"date":"2023-01-31T16:36:43","date_gmt":"2023-01-31T15:36:43","guid":{"rendered":"https:\/\/shop.swimstars.co\/produit\/funda-para-iphone\/"},"modified":"2023-12-07T11:03:12","modified_gmt":"2023-12-07T10:03:12","slug":"casco-para-iphone","status":"publish","type":"product","link":"https:\/\/shop.swimstars.co\/es\/produit\/casco-para-iphone\/","title":{"rendered":"Funda para iPhone"},"content":{"rendered":"<p>Esta elegante funda para iPhone protege tu tel\u00e9fono de ara\u00f1azos, polvo, aceite y suciedad. Tiene una parte posterior resistente y laterales flexibles que facilitan su colocaci\u00f3n y extracci\u00f3n, con aberturas de puertos alineadas con precisi\u00f3n.<\/p>\n<p>&#8211; Parte trasera de policarbonato macizo<br \/>\n&#8211; Laterales de poliuretano flexibles y transparentes<br \/>\n&#8211; Bisel elevado 0,5 mm<br \/>\n&#8211; Aberturas de puerto alineadas con precisi\u00f3n<br \/>\n&#8211; F\u00e1cil de poner y quitar<br \/>\n&#8211; Compatible con carga inal\u00e1mbrica<br \/>\n&#8211; La funda SE se adapta al modelo 2020 del iPhone SE<\/p>\n","protected":false},"excerpt":{"rendered":"<p><span style=\"font-weight: 400;\">S\u00f3lida protecci\u00f3n para tu iPhone que combina durabilidad y funcionalidad, ofreciendo resistencia a golpes y ara\u00f1azos a la vez que garantiza un f\u00e1cil acceso a todos los botones y puertos.  <\/span><\/p>\n","protected":false},"featured_media":5844,"comment_status":"open","ping_status":"closed","template":"","meta":[],"product_brand":[],"product_cat":[579],"product_tag":[],"class_list":{"0":"post-7419","1":"product","2":"type-product","3":"status-publish","4":"has-post-thumbnail","6":"product_cat-accesorios","8":"first","9":"instock","10":"taxable","11":"shipping-taxable","12":"purchasable","13":"product-type-variable"},"_links":{"self":[{"href":"https:\/\/shop.swimstars.co\/es\/wp-json\/wp\/v2\/product\/7419","targetHints":{"allow":["GET"]}}],"collection":[{"href":"https:\/\/shop.swimstars.co\/es\/wp-json\/wp\/v2\/product"}],"about":[{"href":"https:\/\/shop.swimstars.co\/es\/wp-json\/wp\/v2\/types\/product"}],"replies":[{"embeddable":true,"href":"https:\/\/shop.swimstars.co\/es\/wp-json\/wp\/v2\/comments?post=7419"}],"wp:featuredmedia":[{"embeddable":true,"href":"https:\/\/shop.swimstars.co\/es\/wp-json\/wp\/v2\/media\/5844"}],"wp:attachment":[{"href":"https:\/\/shop.swimstars.co\/es\/wp-json\/wp\/v2\/media?parent=7419"}],"wp:term":[{"taxonomy":"product_brand","embeddable":true,"href":"https:\/\/shop.swimstars.co\/es\/wp-json\/wp\/v2\/product_brand?post=7419"},{"taxonomy":"product_cat","embeddable":true,"href":"https:\/\/shop.swimstars.co\/es\/wp-json\/wp\/v2\/product_cat?post=7419"},{"taxonomy":"product_tag","embeddable":true,"href":"https:\/\/shop.swimstars.co\/es\/wp-json\/wp\/v2\/product_tag?post=7419"}],"curies":[{"name":"wp","href":"https:\/\/api.w.org\/{rel}","templated":true}]}}