{"id":6960,"date":"2022-12-09T16:47:55","date_gmt":"2022-12-09T15:47:55","guid":{"rendered":"https:\/\/shop.swimstars.co\/produit\/sudadera-ecologica-para-ninos\/"},"modified":"2023-10-25T16:58:55","modified_gmt":"2023-10-25T14:58:55","slug":"eco-sudadera-para-ninos","status":"publish","type":"product","link":"https:\/\/shop.swimstars.co\/es\/produit\/eco-sudadera-para-ninos\/","title":{"rendered":"Sudadera ecol\u00f3gica para ni\u00f1os"},"content":{"rendered":"<p>Esta sudadera con capucha est\u00e1 dise\u00f1ada para mantener a los ni\u00f1os calientes y c\u00f3modos. Confeccionado en suave y c\u00e1lido algod\u00f3n y poli\u00e9ster, es la opci\u00f3n ideal para proteger a tus hijos del fr\u00edo y hacer que se sientan c\u00f3modos.<\/p>\n","protected":false},"excerpt":{"rendered":"<p>\u00bfBusca una sudadera c\u00f3moda para su hijo? Esta sudadera ecol\u00f3gica de alta calidad para ni\u00f1os tiene un bolsillo delantero, pu\u00f1os de canal\u00e9 y capucha forrada para mayor calidez. Es acogedor y suave al tacto. Adem\u00e1s, la sudadera est\u00e1 hecha de algod\u00f3n org\u00e1nico y poli\u00e9ster reciclado, lo que la convierte en una opci\u00f3n de moda m\u00e1s respetuosa con el medio ambiente.<\/p>\n<p>&#8211; 80% algod\u00f3n org\u00e1nico, 20% poli\u00e9ster reciclado<br \/>\n&#8211; Exterior: 100% algod\u00f3n org\u00e1nico<br \/>\n&#8211; Mangas ragl\u00e1n<br \/>\n&#8211; 3 cables<br \/>\n&#8211; Dobladillo y pu\u00f1os de canal\u00e9 2\u00d72<br \/>\n&#8211; Refuerzo del cuello a juego (interior, espalda)<br \/>\n&#8211; Media luna en el interior del cuello<br \/>\n&#8211; Capucha forrada de jersey<br \/>\n&#8211; Forro cepillado<\/p>\n","protected":false},"featured_media":5528,"comment_status":"open","ping_status":"closed","template":"","meta":[],"product_brand":[],"product_cat":[591],"product_tag":[],"class_list":{"0":"post-6960","1":"product","2":"type-product","3":"status-publish","4":"has-post-thumbnail","6":"product_cat-essentiels","8":"first","9":"instock","10":"taxable","11":"shipping-taxable","12":"purchasable","13":"product-type-variable"},"_links":{"self":[{"href":"https:\/\/shop.swimstars.co\/es\/wp-json\/wp\/v2\/product\/6960","targetHints":{"allow":["GET"]}}],"collection":[{"href":"https:\/\/shop.swimstars.co\/es\/wp-json\/wp\/v2\/product"}],"about":[{"href":"https:\/\/shop.swimstars.co\/es\/wp-json\/wp\/v2\/types\/product"}],"replies":[{"embeddable":true,"href":"https:\/\/shop.swimstars.co\/es\/wp-json\/wp\/v2\/comments?post=6960"}],"wp:featuredmedia":[{"embeddable":true,"href":"https:\/\/shop.swimstars.co\/es\/wp-json\/wp\/v2\/media\/5528"}],"wp:attachment":[{"href":"https:\/\/shop.swimstars.co\/es\/wp-json\/wp\/v2\/media?parent=6960"}],"wp:term":[{"taxonomy":"product_brand","embeddable":true,"href":"https:\/\/shop.swimstars.co\/es\/wp-json\/wp\/v2\/product_brand?post=6960"},{"taxonomy":"product_cat","embeddable":true,"href":"https:\/\/shop.swimstars.co\/es\/wp-json\/wp\/v2\/product_cat?post=6960"},{"taxonomy":"product_tag","embeddable":true,"href":"https:\/\/shop.swimstars.co\/es\/wp-json\/wp\/v2\/product_tag?post=6960"}],"curies":[{"name":"wp","href":"https:\/\/api.w.org\/{rel}","templated":true}]}}