{"id":6838,"date":"2022-12-09T16:42:33","date_gmt":"2022-12-09T15:42:33","guid":{"rendered":"https:\/\/shop.swimstars.co\/produit\/chanclas\/"},"modified":"2023-09-14T12:08:12","modified_gmt":"2023-09-14T10:08:12","slug":"chanclas","status":"publish","type":"product","link":"https:\/\/shop.swimstars.co\/es\/produit\/chanclas\/","title":{"rendered":"Chanclas"},"content":{"rendered":"<p>Prep\u00e1rate para un verano de aventuras y diversi\u00f3n despreocupada con este colorido par de chanclas creadas especialmente para ti. La suela de goma est\u00e1 forrada con un suave tejido para que disfrutes de la m\u00e1xima comodidad vayas donde vayas.<\/p>\n<p>&#8211; Suela de caucho<br \/>\n&#8211; Forro personalizable en tejido 100% poli\u00e9ster<br \/>\n&#8211; Banda de goma negra en forma de Y<\/p>\n","protected":false},"excerpt":{"rendered":"<p>\u00a1Aprovecha nuestras chanclas Swim Stars! Fabricados en caucho, son c\u00f3modos de llevar y permiten que el aire circule alrededor de los pies, ayudando a mantenerlos frescos.<\/p>\n","protected":false},"featured_media":5368,"comment_status":"open","ping_status":"closed","template":"","meta":[],"product_brand":[],"product_cat":[591],"product_tag":[],"class_list":{"0":"post-6838","1":"product","2":"type-product","3":"status-publish","4":"has-post-thumbnail","6":"product_cat-essentiels","8":"first","9":"instock","10":"taxable","11":"shipping-taxable","12":"purchasable","13":"product-type-variable"},"_links":{"self":[{"href":"https:\/\/shop.swimstars.co\/es\/wp-json\/wp\/v2\/product\/6838","targetHints":{"allow":["GET"]}}],"collection":[{"href":"https:\/\/shop.swimstars.co\/es\/wp-json\/wp\/v2\/product"}],"about":[{"href":"https:\/\/shop.swimstars.co\/es\/wp-json\/wp\/v2\/types\/product"}],"replies":[{"embeddable":true,"href":"https:\/\/shop.swimstars.co\/es\/wp-json\/wp\/v2\/comments?post=6838"}],"wp:featuredmedia":[{"embeddable":true,"href":"https:\/\/shop.swimstars.co\/es\/wp-json\/wp\/v2\/media\/5368"}],"wp:attachment":[{"href":"https:\/\/shop.swimstars.co\/es\/wp-json\/wp\/v2\/media?parent=6838"}],"wp:term":[{"taxonomy":"product_brand","embeddable":true,"href":"https:\/\/shop.swimstars.co\/es\/wp-json\/wp\/v2\/product_brand?post=6838"},{"taxonomy":"product_cat","embeddable":true,"href":"https:\/\/shop.swimstars.co\/es\/wp-json\/wp\/v2\/product_cat?post=6838"},{"taxonomy":"product_tag","embeddable":true,"href":"https:\/\/shop.swimstars.co\/es\/wp-json\/wp\/v2\/product_tag?post=6838"}],"curies":[{"name":"wp","href":"https:\/\/api.w.org\/{rel}","templated":true}]}}