{"id":6785,"date":"2022-12-09T16:38:32","date_gmt":"2022-12-09T15:38:32","guid":{"rendered":"https:\/\/shop.swimstars.co\/produit\/taza-blanca-brillante\/"},"modified":"2023-09-14T12:05:37","modified_gmt":"2023-09-14T10:05:37","slug":"taza-blanca-brillante","status":"publish","type":"product","link":"https:\/\/shop.swimstars.co\/es\/produit\/taza-blanca-brillante\/","title":{"rendered":"Taza blanca brillante"},"content":{"rendered":"<div class=\"group w-full text-gray-800 dark:text-gray-100 border-b border-black\/10 dark:border-gray-900\/50 bg-gray-50 dark:bg-[#444654]\">\n<div class=\"flex p-4 gap-4 text-base md:gap-6 md:max-w-2xl lg:max-w-[38rem] xl:max-w-3xl md:py-6 lg:px-0 m-auto\">\n<div class=\"relative flex w-[calc(100%-50px)] flex-col gap-1 md:gap-3 lg:w-[calc(100%-115px)]\">\n<div class=\"flex flex-grow flex-col gap-3\">\n<div class=\"min-h-[20px] flex flex-col items-start gap-4 whitespace-pre-wrap break-words\">\n<div class=\"markdown prose w-full break-words dark:prose-invert light\">\n<p><span style=\"font-size: inherit;\">Tanto si te tomas el caf\u00e9 por la ma\u00f1ana, el t\u00e9 por la tarde o algo intermedio, \u00a1esta taza est\u00e1 hecha para ti! Es firme y brillante, con un vivo estampado apto para microondas y lavavajillas.<\/span><\/p>\n<\/div>\n<p>&#8211; En cer\u00e1mica<br \/>\n&#8211; Dimensiones de la taza de 11 oz: 9,8 cm (3,85 \u2033) de alto, 8,5 cm (3,35 \u2033) de di\u00e1metro.<br \/>\n&#8211; Dimensiones de la taza de 15 oz: 12 cm (4,7 \u2033) de alto, 8,5 cm (3,35 \u2033) de di\u00e1metro.<br \/>\n&#8211; Apto para lavavajillas y microondas<br \/>\n&#8211; Producto virgen procedente de China<\/p>\n<\/div><\/div>\n<\/p><\/div>\n<\/p><\/div>\n<\/p><\/div>\n","protected":false},"excerpt":{"rendered":"<p>Nuestra taza ofrece una soluci\u00f3n pr\u00e1ctica y elegante para disfrutar de sus bebidas favoritas.<\/p>\n<div class=\"group w-full text-gray-800 dark:text-gray-100 border-b border-black\/10 dark:border-gray-900\/50 bg-gray-50 dark:bg-[#444654]\">\n<div class=\"flex p-4 gap-4 text-base md:gap-6 md:max-w-2xl lg:max-w-[38rem] xl:max-w-3xl md:py-6 lg:px-0 m-auto\">\n<div class=\"relative flex w-[calc(100%-50px)] flex-col gap-1 md:gap-3 lg:w-[calc(100%-115px)]\">\n<div class=\"flex flex-grow flex-col gap-3\">\n<div class=\"min-h-[20px] flex flex-col items-start gap-4 whitespace-pre-wrap break-words\">\n<div class=\"markdown prose w-full break-words dark:prose-invert light\">\n<p>Esta taza est\u00e1 hecha de cer\u00e1mica, por lo que es resistente al calor y al agua, lo que la convierte en una opci\u00f3n ideal para usar en el microondas y el lavavajillas.<\/p>\n<p>Su durabilidad le permite soportar los rigores del uso diario.<\/p>\n<\/div>\n<\/div>\n<\/div>\n<\/div>\n<\/div>\n<\/div>\n","protected":false},"featured_media":5382,"comment_status":"open","ping_status":"closed","template":"","meta":[],"product_brand":[],"product_cat":[591],"product_tag":[],"class_list":{"0":"post-6785","1":"product","2":"type-product","3":"status-publish","4":"has-post-thumbnail","6":"product_cat-essentiels","8":"first","9":"instock","10":"taxable","11":"shipping-taxable","12":"purchasable","13":"product-type-variable"},"_links":{"self":[{"href":"https:\/\/shop.swimstars.co\/es\/wp-json\/wp\/v2\/product\/6785","targetHints":{"allow":["GET"]}}],"collection":[{"href":"https:\/\/shop.swimstars.co\/es\/wp-json\/wp\/v2\/product"}],"about":[{"href":"https:\/\/shop.swimstars.co\/es\/wp-json\/wp\/v2\/types\/product"}],"replies":[{"embeddable":true,"href":"https:\/\/shop.swimstars.co\/es\/wp-json\/wp\/v2\/comments?post=6785"}],"wp:featuredmedia":[{"embeddable":true,"href":"https:\/\/shop.swimstars.co\/es\/wp-json\/wp\/v2\/media\/5382"}],"wp:attachment":[{"href":"https:\/\/shop.swimstars.co\/es\/wp-json\/wp\/v2\/media?parent=6785"}],"wp:term":[{"taxonomy":"product_brand","embeddable":true,"href":"https:\/\/shop.swimstars.co\/es\/wp-json\/wp\/v2\/product_brand?post=6785"},{"taxonomy":"product_cat","embeddable":true,"href":"https:\/\/shop.swimstars.co\/es\/wp-json\/wp\/v2\/product_cat?post=6785"},{"taxonomy":"product_tag","embeddable":true,"href":"https:\/\/shop.swimstars.co\/es\/wp-json\/wp\/v2\/product_tag?post=6785"}],"curies":[{"name":"wp","href":"https:\/\/api.w.org\/{rel}","templated":true}]}}