{"id":6760,"date":"2022-12-09T16:51:45","date_gmt":"2022-12-09T15:51:45","guid":{"rendered":"https:\/\/shop.swimstars.co\/produit\/camiseta-de-manga-corta-para-ninos\/"},"modified":"2023-10-25T12:12:48","modified_gmt":"2023-10-25T10:12:48","slug":"camiseta-de-manga-corta-para-ninos-pequenos","status":"publish","type":"product","link":"https:\/\/shop.swimstars.co\/es\/produit\/camiseta-de-manga-corta-para-ninos-pequenos\/","title":{"rendered":"Camiseta de manga corta para ni\u00f1os"},"content":{"rendered":"<p>Deja que tu hijo pase el d\u00eda con comodidad y estilo con esta camiseta de manga corta en punto de algod\u00f3n 100%, con un estampado \u00fanico. Suave y duradera, esta camiseta se convertir\u00e1 en un imprescindible en el armario de tus hijos.<\/p>\n<p>&#8211; 100% algod\u00f3n peinado e hilado en anillos<br \/>\n&#8211; Peso del tejido: 142 g\/m\u00b2 (4,2 oz\/yd\u00b2)<br \/>\n&#8211; Ajuste relajado para mayor comodidad<br \/>\n&#8211; Costura lateral<br \/>\n&#8211; Tejido preencogido<br \/>\n&#8211; Producto virgen procedente de Estados Unidos u Honduras<\/p>\n","protected":false},"excerpt":{"rendered":"<p>Deja que tu hijo pase el d\u00eda con comodidad y estilo con esta camiseta de manga corta en punto de algod\u00f3n 100%, con un estampado \u00fanico. Suave y duradera, esta camiseta se convertir\u00e1 en un imprescindible en el armario de tus hijos. &#8211; 100% algod\u00f3n peinado e hilado en anillos &#8211; Peso del tejido: 142 g\/m\u00b2 (4,2 oz\/yd\u00b2) &#8211; Ajuste\u2026<\/p>\n","protected":false},"featured_media":5472,"comment_status":"open","ping_status":"closed","template":"","meta":[],"product_brand":[],"product_cat":[591],"product_tag":[],"class_list":{"0":"post-6760","1":"product","2":"type-product","3":"status-publish","4":"has-post-thumbnail","6":"product_cat-essentiels","8":"first","9":"instock","10":"taxable","11":"shipping-taxable","12":"purchasable","13":"product-type-variable"},"_links":{"self":[{"href":"https:\/\/shop.swimstars.co\/es\/wp-json\/wp\/v2\/product\/6760","targetHints":{"allow":["GET"]}}],"collection":[{"href":"https:\/\/shop.swimstars.co\/es\/wp-json\/wp\/v2\/product"}],"about":[{"href":"https:\/\/shop.swimstars.co\/es\/wp-json\/wp\/v2\/types\/product"}],"replies":[{"embeddable":true,"href":"https:\/\/shop.swimstars.co\/es\/wp-json\/wp\/v2\/comments?post=6760"}],"wp:featuredmedia":[{"embeddable":true,"href":"https:\/\/shop.swimstars.co\/es\/wp-json\/wp\/v2\/media\/5472"}],"wp:attachment":[{"href":"https:\/\/shop.swimstars.co\/es\/wp-json\/wp\/v2\/media?parent=6760"}],"wp:term":[{"taxonomy":"product_brand","embeddable":true,"href":"https:\/\/shop.swimstars.co\/es\/wp-json\/wp\/v2\/product_brand?post=6760"},{"taxonomy":"product_cat","embeddable":true,"href":"https:\/\/shop.swimstars.co\/es\/wp-json\/wp\/v2\/product_cat?post=6760"},{"taxonomy":"product_tag","embeddable":true,"href":"https:\/\/shop.swimstars.co\/es\/wp-json\/wp\/v2\/product_tag?post=6760"}],"curies":[{"name":"wp","href":"https:\/\/api.w.org\/{rel}","templated":true}]}}