{"id":6701,"date":"2022-12-09T16:37:22","date_gmt":"2022-12-09T15:37:22","guid":{"rendered":"https:\/\/shop.swimstars.co\/produit\/bolsa-con-cordon-de-algodon-ecologico\/"},"modified":"2023-09-14T12:08:15","modified_gmt":"2023-09-14T10:08:15","slug":"bolsa-con-cordon-de-algodon-ecologico","status":"publish","type":"product","link":"https:\/\/shop.swimstars.co\/es\/produit\/bolsa-con-cordon-de-algodon-ecologico\/","title":{"rendered":"Bolsa con cord\u00f3n de algod\u00f3n ecol\u00f3gico"},"content":{"rendered":"<p>Nuestra bolsa con cord\u00f3n de algod\u00f3n ecol\u00f3gico es una bolsa ligera y vers\u00e1til fabricada con algod\u00f3n de cultivo ecol\u00f3gico.<\/p>\n<p>Es la forma ideal de transportar sus pertenencias respetando el medio ambiente.<\/p>\n<p>Se puede plegar y guardar f\u00e1cilmente cuando no se utiliza, lo que lo convierte en un pr\u00e1ctico accesorio para llevar a diario, ideal para ir de compras, al gimnasio o a la playa.<\/p>\n","protected":false},"excerpt":{"rendered":"<p>&#8211; 100% algod\u00f3n org\u00e1nico<br \/>\n&#8211; Peso del tejido: 170 g\/m\u00b2 (5,01 oz\/yd\u00b2)<br \/>\n&#8211; Dimensiones del producto: 39 \u00d7 46 cm (15 1\u20444 \u2033 \u00d7 18 \u2033)<br \/>\n&#8211; Cordones resistentes y duraderos<br \/>\n&#8211; Producto virgen de la India<\/p>\n","protected":false},"featured_media":5386,"comment_status":"open","ping_status":"closed","template":"","meta":[],"product_brand":[],"product_cat":[591],"product_tag":[],"class_list":{"0":"post-6701","1":"product","2":"type-product","3":"status-publish","4":"has-post-thumbnail","6":"product_cat-essentiels","8":"first","9":"instock","10":"taxable","11":"shipping-taxable","12":"purchasable","13":"product-type-variable"},"_links":{"self":[{"href":"https:\/\/shop.swimstars.co\/es\/wp-json\/wp\/v2\/product\/6701","targetHints":{"allow":["GET"]}}],"collection":[{"href":"https:\/\/shop.swimstars.co\/es\/wp-json\/wp\/v2\/product"}],"about":[{"href":"https:\/\/shop.swimstars.co\/es\/wp-json\/wp\/v2\/types\/product"}],"replies":[{"embeddable":true,"href":"https:\/\/shop.swimstars.co\/es\/wp-json\/wp\/v2\/comments?post=6701"}],"wp:featuredmedia":[{"embeddable":true,"href":"https:\/\/shop.swimstars.co\/es\/wp-json\/wp\/v2\/media\/5386"}],"wp:attachment":[{"href":"https:\/\/shop.swimstars.co\/es\/wp-json\/wp\/v2\/media?parent=6701"}],"wp:term":[{"taxonomy":"product_brand","embeddable":true,"href":"https:\/\/shop.swimstars.co\/es\/wp-json\/wp\/v2\/product_brand?post=6701"},{"taxonomy":"product_cat","embeddable":true,"href":"https:\/\/shop.swimstars.co\/es\/wp-json\/wp\/v2\/product_cat?post=6701"},{"taxonomy":"product_tag","embeddable":true,"href":"https:\/\/shop.swimstars.co\/es\/wp-json\/wp\/v2\/product_tag?post=6701"}],"curies":[{"name":"wp","href":"https:\/\/api.w.org\/{rel}","templated":true}]}}