{"id":6592,"date":"2022-12-09T16:36:12","date_gmt":"2022-12-09T15:36:12","guid":{"rendered":"https:\/\/shop.swimstars.co\/produit\/traje-de-bano-delfin-para-hombre\/"},"modified":"2023-10-19T15:33:47","modified_gmt":"2023-10-19T13:33:47","slug":"banador-todo-hombre","status":"publish","type":"product","link":"https:\/\/shop.swimstars.co\/es\/produit\/banador-todo-hombre\/","title":{"rendered":"Traje de ba\u00f1o delf\u00edn para hombre"},"content":{"rendered":"<p>&#8211; Composici\u00f3n del tejido: (puede variar un 5%) 91% poli\u00e9ster reciclado, 9% elast\u00e1n<br \/>\n&#8211; Peso del tejido (puede variar un 5%): 174 g\/m\u00b2 (5,13 oz\/yd\u00b2)<br \/>\n&#8211; Tejido de microfibra repelente al agua con elasticidad en cuatro direcciones<br \/>\n&#8211; Forro de malla resistente al calor<br \/>\n&#8211; Cintura el\u00e1stica con cord\u00f3n de ajuste<br \/>\n&#8211; Bolsillos de malla<br \/>\n&#8211; Peque\u00f1o bolsillo interior para objetos de valor<br \/>\n&#8211; FPS 50+<\/p>\n","protected":false},"excerpt":{"rendered":"<p>S\u00e9 la envidia de la piscina con la edici\u00f3n de Swim Stars del ba\u00f1ador perfecto para el verano: \u00a1un ba\u00f1ador azul claro con forma de delf\u00edn para hombre! Para quienes quieran destacar entre la multitud y llamar la atenci\u00f3n esta temporada, Swim Stars tiene justo lo que necesitas. Fabricado con un tejido ultrasuave y ligero que no te pesar\u00e1 en el agua, este ba\u00f1ador es perfecto para remar. Tambi\u00e9n ofrece una protecci\u00f3n superior contra los rayos UV y el cloro para que puedas seguir jugando todo el d\u00eda. La cintura el\u00e1stica proporciona una capa extra de comodidad y un ajuste f\u00e1cil. No te conformes con nuestra palabra: ponte nuestro caracter\u00edstico estampado de delfines en azul claro y admira el estilo vanguardista que aporta a tu look playero. Con Swim Stars, nunca te faltar\u00e1 confianza cuando est\u00e9s en la piscina o en la playa. \u00a1Prep\u00e1rate para presumir de confianza este verano con Swim Stars!<\/p>\n","protected":false},"featured_media":5394,"comment_status":"open","ping_status":"closed","template":"","meta":[],"product_brand":[],"product_cat":[591],"product_tag":[],"class_list":{"0":"post-6592","1":"product","2":"type-product","3":"status-publish","4":"has-post-thumbnail","6":"product_cat-essentiels","8":"first","9":"instock","10":"taxable","11":"shipping-taxable","12":"purchasable","13":"product-type-variable"},"_links":{"self":[{"href":"https:\/\/shop.swimstars.co\/es\/wp-json\/wp\/v2\/product\/6592","targetHints":{"allow":["GET"]}}],"collection":[{"href":"https:\/\/shop.swimstars.co\/es\/wp-json\/wp\/v2\/product"}],"about":[{"href":"https:\/\/shop.swimstars.co\/es\/wp-json\/wp\/v2\/types\/product"}],"replies":[{"embeddable":true,"href":"https:\/\/shop.swimstars.co\/es\/wp-json\/wp\/v2\/comments?post=6592"}],"wp:featuredmedia":[{"embeddable":true,"href":"https:\/\/shop.swimstars.co\/es\/wp-json\/wp\/v2\/media\/5394"}],"wp:attachment":[{"href":"https:\/\/shop.swimstars.co\/es\/wp-json\/wp\/v2\/media?parent=6592"}],"wp:term":[{"taxonomy":"product_brand","embeddable":true,"href":"https:\/\/shop.swimstars.co\/es\/wp-json\/wp\/v2\/product_brand?post=6592"},{"taxonomy":"product_cat","embeddable":true,"href":"https:\/\/shop.swimstars.co\/es\/wp-json\/wp\/v2\/product_cat?post=6592"},{"taxonomy":"product_tag","embeddable":true,"href":"https:\/\/shop.swimstars.co\/es\/wp-json\/wp\/v2\/product_tag?post=6592"}],"curies":[{"name":"wp","href":"https:\/\/api.w.org\/{rel}","templated":true}]}}