{"id":6585,"date":"2022-12-09T16:43:08","date_gmt":"2022-12-09T15:43:08","guid":{"rendered":"https:\/\/shop.swimstars.co\/produit\/sombrero-invertido\/"},"modified":"2023-09-25T16:59:57","modified_gmt":"2023-09-25T14:59:57","slug":"capo-a-la-inversa","status":"publish","type":"product","link":"https:\/\/shop.swimstars.co\/es\/produit\/capo-a-la-inversa\/","title":{"rendered":"Sombrero invertido"},"content":{"rendered":"<p>Un sombrero c\u00f3modo y ce\u00f1ido. Un accesorio esencial para tu armario de invierno.<\/p>\n<p>&#8211; 100% acr\u00edlico<br \/>\n&#8211; 12&#8243; de largo<br \/>\n&#8211; Hipoalerg\u00e9nico<br \/>\n&#8211; Estilo unisex<\/p>\n","protected":false},"excerpt":{"rendered":"<p>Nuestro gorro Swim Stars mantendr\u00e1 tu cabeza caliente durante el fr\u00edo. Cubre la cabeza y las orejas, zonas sensibles al fr\u00edo, atrapando el calor corporal y protegiendo de las bajas temperaturas.<\/p>\n<p>Un accesorio de moda vers\u00e1til, ideal para completar tu atuendo y reflejar tu estilo personal.<\/p>\n","protected":false},"featured_media":5348,"comment_status":"open","ping_status":"closed","template":"","meta":[],"product_brand":[],"product_cat":[591],"product_tag":[],"class_list":{"0":"post-6585","1":"product","2":"type-product","3":"status-publish","4":"has-post-thumbnail","6":"product_cat-essentiels","8":"first","9":"instock","10":"taxable","11":"shipping-taxable","12":"purchasable","13":"product-type-variable"},"_links":{"self":[{"href":"https:\/\/shop.swimstars.co\/es\/wp-json\/wp\/v2\/product\/6585","targetHints":{"allow":["GET"]}}],"collection":[{"href":"https:\/\/shop.swimstars.co\/es\/wp-json\/wp\/v2\/product"}],"about":[{"href":"https:\/\/shop.swimstars.co\/es\/wp-json\/wp\/v2\/types\/product"}],"replies":[{"embeddable":true,"href":"https:\/\/shop.swimstars.co\/es\/wp-json\/wp\/v2\/comments?post=6585"}],"wp:featuredmedia":[{"embeddable":true,"href":"https:\/\/shop.swimstars.co\/es\/wp-json\/wp\/v2\/media\/5348"}],"wp:attachment":[{"href":"https:\/\/shop.swimstars.co\/es\/wp-json\/wp\/v2\/media?parent=6585"}],"wp:term":[{"taxonomy":"product_brand","embeddable":true,"href":"https:\/\/shop.swimstars.co\/es\/wp-json\/wp\/v2\/product_brand?post=6585"},{"taxonomy":"product_cat","embeddable":true,"href":"https:\/\/shop.swimstars.co\/es\/wp-json\/wp\/v2\/product_cat?post=6585"},{"taxonomy":"product_tag","embeddable":true,"href":"https:\/\/shop.swimstars.co\/es\/wp-json\/wp\/v2\/product_tag?post=6585"}],"curies":[{"name":"wp","href":"https:\/\/api.w.org\/{rel}","templated":true}]}}