{"id":6584,"date":"2023-01-10T10:15:27","date_gmt":"2023-01-10T09:15:27","guid":{"rendered":"https:\/\/shop.swimstars.co\/produit\/boligrafo-swim-stars\/"},"modified":"2023-12-07T11:30:15","modified_gmt":"2023-12-07T10:30:15","slug":"50-estilo","status":"publish","type":"product","link":"https:\/\/shop.swimstars.co\/es\/produit\/50-estilo\/","title":{"rendered":"Bol\u00edgrafo Swim Stars"},"content":{"rendered":"<p>Swim Stars ofrece bol\u00edgrafos de cuerpo met\u00e1lico blanco con el logotipo de la empresa. Y si la comodidad al escribir es una prioridad, nuestra empu\u00f1adura blanda hace que escribir sea m\u00e1s f\u00e1cil y agradable. No olvide que lo mejor de nuestros bol\u00edgrafos es que no necesitan recarga: basta con tirarlos cuando se acabe la tinta y utilizar uno nuevo. Causa impacto con los bol\u00edgrafos promocionales Swim Stars, perfectos como regalo para clientes actuales y potenciales.<\/p>\n","protected":false},"excerpt":{"rendered":"<p>Causa sensaci\u00f3n con los bol\u00edgrafos promocionales Swim Stars. Nuestros fiables bol\u00edgrafos no s\u00f3lo son excelentes regalos para desarrollar su base de clientes, sino que tambi\u00e9n son perfectos para eventos. Deje que sus clientes le conozcan utilizando sus bol\u00edgrafos promocionales.<\/p>\n<p>&nbsp;<\/p>\n<ul>\n<li>Acabado plateado<\/li>\n<li>Tinta negra<\/li>\n<li>Cantidad : 50<\/li>\n<\/ul>\n","protected":false},"featured_media":9236,"comment_status":"closed","ping_status":"closed","template":"","meta":[],"product_brand":[],"product_cat":[579],"product_tag":[],"class_list":{"0":"post-6584","1":"product","2":"type-product","3":"status-publish","4":"has-post-thumbnail","6":"product_cat-accesorios","8":"first","9":"instock","10":"taxable","11":"shipping-taxable","12":"purchasable","13":"product-type-simple"},"_links":{"self":[{"href":"https:\/\/shop.swimstars.co\/es\/wp-json\/wp\/v2\/product\/6584","targetHints":{"allow":["GET"]}}],"collection":[{"href":"https:\/\/shop.swimstars.co\/es\/wp-json\/wp\/v2\/product"}],"about":[{"href":"https:\/\/shop.swimstars.co\/es\/wp-json\/wp\/v2\/types\/product"}],"replies":[{"embeddable":true,"href":"https:\/\/shop.swimstars.co\/es\/wp-json\/wp\/v2\/comments?post=6584"}],"wp:featuredmedia":[{"embeddable":true,"href":"https:\/\/shop.swimstars.co\/es\/wp-json\/wp\/v2\/media\/9236"}],"wp:attachment":[{"href":"https:\/\/shop.swimstars.co\/es\/wp-json\/wp\/v2\/media?parent=6584"}],"wp:term":[{"taxonomy":"product_brand","embeddable":true,"href":"https:\/\/shop.swimstars.co\/es\/wp-json\/wp\/v2\/product_brand?post=6584"},{"taxonomy":"product_cat","embeddable":true,"href":"https:\/\/shop.swimstars.co\/es\/wp-json\/wp\/v2\/product_cat?post=6584"},{"taxonomy":"product_tag","embeddable":true,"href":"https:\/\/shop.swimstars.co\/es\/wp-json\/wp\/v2\/product_tag?post=6584"}],"curies":[{"name":"wp","href":"https:\/\/api.w.org\/{rel}","templated":true}]}}