{"id":11678,"date":"2024-11-13T12:51:29","date_gmt":"2024-11-13T11:51:29","guid":{"rendered":"https:\/\/shop.swimstars.co\/?post_type=product&#038;p=11678"},"modified":"2024-11-13T12:58:12","modified_gmt":"2024-11-13T11:58:12","slug":"cd-1e-parmentier-copie","status":"publish","type":"product","link":"https:\/\/shop.swimstars.co\/es\/produit\/cd-1e-parmentier-copie\/","title":{"rendered":"FOLLETO DEL VIERNES NEGRO"},"content":{"rendered":"<p>En Swim Stars somos conscientes de que el \u00e9xito de una marca depende en gran medida de su visibilidad. Por eso le ofrecemos nuestros Swim Stars Flyers, folletos f\u00e1ciles de distribuir para llamar la atenci\u00f3n sobre su empresa.<\/p>\n<p>Nuestra impresi\u00f3n de folletos en cuatricrom\u00eda le permite maximizar su rentabilidad sin renunciar a la calidad.<\/p>\n","protected":false},"excerpt":{"rendered":"<p>O 38,63 euros por 1000<\/p>\n<p>Los folletos de Swim Stars son la opci\u00f3n ideal para conseguir la m\u00e1xima visibilidad local e<strong> informar sobre los cursos Discover de 20 \u00a3. <\/strong> Puedes utilizarlos para llegar a miles de clientes potenciales a la vez.<strong><br \/>\n<\/strong><\/p>\n<p>&nbsp;<\/p>\n<ul>\n<li style=\"list-style-type: none;\">\n<ul>\n<li>Cantidad : 1000<\/li>\n<li>Formato: <span class=\"funnel-image__sub-text\">99 x 210 mm (<\/span><span class=\"funnel-image__flavour-text\">un tercio A4<\/span>)<\/li>\n<li>Tipo de papel : <span id=\"170g\" class=\"active funnel-image funnel-image--version-a funnel-image--4-columns\" data-active=\"true\" data-href=\"\" data-alwaysshow=\"\" data-formatprice=\"0.00\" data-oid=\"170g\" data-pseudo-href=\"flyers-us-170g#grammes\"><span class=\"funnel-image__flavour-text\">0,17 mm de grosor<\/span><\/span><a id=\"250g\" class=\"funnel-image funnel-image--version-a funnel-image--4-columns\" href=\"https:\/\/connect.helloprint.fr\/flyers-us-250g#appearance\" rel=\"nofollow\" data-active=\"null\" data-href=\"\/flyers-us-250g#appearance\" data-alwaysshow=\"\" data-formatprice=\"15.28\" data-oid=\"250g\" data-pseudo-href=\"flyers-us-250g#appearance\"><\/a><\/li>\n<li>Acabado : papel <span id=\"170gsilk\" class=\"label aanbevolen active funnel-image funnel-image--version-a funnel-image--4-columns\" data-active=\"true\" data-href=\"\" data-alwaysshow=\"null\" data-formatprice=\"0.00\" data-oid=\"170gsilk\"><span class=\"funnel-image__sub-text\">Papel estucado semimate de 170 g<\/span><\/span><\/li>\n<\/ul>\n<\/li>\n<\/ul>\n","protected":false},"featured_media":11681,"comment_status":"open","ping_status":"closed","template":"","meta":[],"product_brand":[],"product_cat":[591],"product_tag":[],"class_list":{"0":"post-11678","1":"product","2":"type-product","3":"status-publish","4":"has-post-thumbnail","6":"product_cat-essentiels","8":"first","9":"instock","10":"taxable","11":"shipping-taxable","12":"purchasable","13":"product-type-simple"},"_links":{"self":[{"href":"https:\/\/shop.swimstars.co\/es\/wp-json\/wp\/v2\/product\/11678","targetHints":{"allow":["GET"]}}],"collection":[{"href":"https:\/\/shop.swimstars.co\/es\/wp-json\/wp\/v2\/product"}],"about":[{"href":"https:\/\/shop.swimstars.co\/es\/wp-json\/wp\/v2\/types\/product"}],"replies":[{"embeddable":true,"href":"https:\/\/shop.swimstars.co\/es\/wp-json\/wp\/v2\/comments?post=11678"}],"wp:featuredmedia":[{"embeddable":true,"href":"https:\/\/shop.swimstars.co\/es\/wp-json\/wp\/v2\/media\/11681"}],"wp:attachment":[{"href":"https:\/\/shop.swimstars.co\/es\/wp-json\/wp\/v2\/media?parent=11678"}],"wp:term":[{"taxonomy":"product_brand","embeddable":true,"href":"https:\/\/shop.swimstars.co\/es\/wp-json\/wp\/v2\/product_brand?post=11678"},{"taxonomy":"product_cat","embeddable":true,"href":"https:\/\/shop.swimstars.co\/es\/wp-json\/wp\/v2\/product_cat?post=11678"},{"taxonomy":"product_tag","embeddable":true,"href":"https:\/\/shop.swimstars.co\/es\/wp-json\/wp\/v2\/product_tag?post=11678"}],"curies":[{"name":"wp","href":"https:\/\/api.w.org\/{rel}","templated":true}]}}