{"id":11449,"date":"2024-05-15T15:54:24","date_gmt":"2024-05-15T13:54:24","guid":{"rendered":"https:\/\/shop.swimstars.co\/produit\/polo-de-pique-unisex\/"},"modified":"2024-09-24T17:11:09","modified_gmt":"2024-09-24T15:11:09","slug":"polo-de-pique-unisex","status":"publish","type":"product","link":"https:\/\/shop.swimstars.co\/es\/produit\/polo-de-pique-unisex\/","title":{"rendered":"Swim Stars Polo unisex"},"content":{"rendered":"<p>Cl\u00e1sico y hecho para durar, este polo unisex de piqu\u00e9 es perfecto para todas las ocasiones. Est\u00e1 hecha de piqu\u00e9 de algod\u00f3n resistente. El ajuste relajado y favorecedor est\u00e1 dise\u00f1ado para realzar cualquier forma del cuerpo. Con su corte cl\u00e1sico y su n\u00edtido cuello, puede combinarse con una gran variedad de accesorios para un look deportivo, informal o m\u00e1s formal. &#8211; 100% algod\u00f3n hilado en anillos &#8211; Peso del tejido: 176 g\/m\u00b2 (5,2 oz\/yd\u00b2) &#8211; Semi entallado &#8211; Costura lateral &#8211; Tapeta de botones a juego &#8211; Tejido con certificaci\u00f3n OEKO-TEX Standard 100<\/p>\n","protected":false},"excerpt":{"rendered":"<p>Cl\u00e1sico y hecho para durar, este polo unisex de piqu\u00e9 es perfecto para todas las ocasiones. Est\u00e1 hecha de piqu\u00e9 de algod\u00f3n resistente. El ajuste relajado y favorecedor est\u00e1 dise\u00f1ado para realzar cualquier forma del cuerpo. Con su corte cl\u00e1sico y su n\u00edtido cuello, puede combinarse con una gran variedad de accesorios para un look deportivo, informal o m\u00e1s formal.\u2026<\/p>\n","protected":false},"featured_media":11437,"comment_status":"open","ping_status":"closed","template":"","meta":[],"product_brand":[],"product_cat":[635,643,592,579,460],"product_tag":[],"class_list":{"0":"post-11449","1":"product","2":"type-product","3":"status-publish","4":"has-post-thumbnail","6":"product_cat-accesorios-es-2","7":"product_cat-reventa-de-productos","8":"product_cat-esenciales","9":"product_cat-accesorios","10":"product_cat-ropa-swim-stars-esenciales","12":"first","13":"instock","14":"taxable","15":"shipping-taxable","16":"purchasable","17":"product-type-variable"},"_links":{"self":[{"href":"https:\/\/shop.swimstars.co\/es\/wp-json\/wp\/v2\/product\/11449","targetHints":{"allow":["GET"]}}],"collection":[{"href":"https:\/\/shop.swimstars.co\/es\/wp-json\/wp\/v2\/product"}],"about":[{"href":"https:\/\/shop.swimstars.co\/es\/wp-json\/wp\/v2\/types\/product"}],"replies":[{"embeddable":true,"href":"https:\/\/shop.swimstars.co\/es\/wp-json\/wp\/v2\/comments?post=11449"}],"wp:featuredmedia":[{"embeddable":true,"href":"https:\/\/shop.swimstars.co\/es\/wp-json\/wp\/v2\/media\/11437"}],"wp:attachment":[{"href":"https:\/\/shop.swimstars.co\/es\/wp-json\/wp\/v2\/media?parent=11449"}],"wp:term":[{"taxonomy":"product_brand","embeddable":true,"href":"https:\/\/shop.swimstars.co\/es\/wp-json\/wp\/v2\/product_brand?post=11449"},{"taxonomy":"product_cat","embeddable":true,"href":"https:\/\/shop.swimstars.co\/es\/wp-json\/wp\/v2\/product_cat?post=11449"},{"taxonomy":"product_tag","embeddable":true,"href":"https:\/\/shop.swimstars.co\/es\/wp-json\/wp\/v2\/product_tag?post=11449"}],"curies":[{"name":"wp","href":"https:\/\/api.w.org\/{rel}","templated":true}]}}