{"id":11253,"date":"2024-05-03T13:07:49","date_gmt":"2024-05-03T11:07:49","guid":{"rendered":"https:\/\/shop.swimstars.co\/?post_type=product&#038;p=11253"},"modified":"2024-05-03T13:11:02","modified_gmt":"2024-05-03T11:11:02","slug":"kit-safe-t-card-copie","status":"publish","type":"product","link":"https:\/\/shop.swimstars.co\/es\/produit\/kit-safe-t-card-copie\/","title":{"rendered":"Todas las tarjetas T"},"content":{"rendered":"","protected":false},"excerpt":{"rendered":"<p>Encuentra todas las tarjetas SAFE T-Cards. Herramientas pedag\u00f3gicas indispensables para las escuelas. Estos letreros ricamente ilustrados est\u00e1n dise\u00f1ados para cautivar y educar a los ni\u00f1os de forma interactiva y visual.<\/p>\n<p>Cada cartel est\u00e1 dedicado a una etapa clave de nuestro programa: <strong>Seguridad, Aprendizaje, Formaci\u00f3n y Entrenamiento<\/strong>.<\/p>\n<p>Formato: 50 x 70 cm<br \/>\nTama\u00f1o: 3,5 mm<br \/>\nMaterial: Polipropileno (correx\/akilux)<\/p>\n","protected":false},"featured_media":11226,"comment_status":"open","ping_status":"closed","template":"","meta":[],"product_brand":[],"product_cat":[592],"product_tag":[],"class_list":{"0":"post-11253","1":"product","2":"type-product","3":"status-publish","4":"has-post-thumbnail","6":"product_cat-esenciales","8":"first","9":"instock","10":"taxable","11":"shipping-taxable","12":"purchasable","13":"product-type-woosb"},"_links":{"self":[{"href":"https:\/\/shop.swimstars.co\/es\/wp-json\/wp\/v2\/product\/11253","targetHints":{"allow":["GET"]}}],"collection":[{"href":"https:\/\/shop.swimstars.co\/es\/wp-json\/wp\/v2\/product"}],"about":[{"href":"https:\/\/shop.swimstars.co\/es\/wp-json\/wp\/v2\/types\/product"}],"replies":[{"embeddable":true,"href":"https:\/\/shop.swimstars.co\/es\/wp-json\/wp\/v2\/comments?post=11253"}],"wp:featuredmedia":[{"embeddable":true,"href":"https:\/\/shop.swimstars.co\/es\/wp-json\/wp\/v2\/media\/11226"}],"wp:attachment":[{"href":"https:\/\/shop.swimstars.co\/es\/wp-json\/wp\/v2\/media?parent=11253"}],"wp:term":[{"taxonomy":"product_brand","embeddable":true,"href":"https:\/\/shop.swimstars.co\/es\/wp-json\/wp\/v2\/product_brand?post=11253"},{"taxonomy":"product_cat","embeddable":true,"href":"https:\/\/shop.swimstars.co\/es\/wp-json\/wp\/v2\/product_cat?post=11253"},{"taxonomy":"product_tag","embeddable":true,"href":"https:\/\/shop.swimstars.co\/es\/wp-json\/wp\/v2\/product_tag?post=11253"}],"curies":[{"name":"wp","href":"https:\/\/api.w.org\/{rel}","templated":true}]}}