{"id":11017,"date":"2024-03-20T12:06:22","date_gmt":"2024-03-20T11:06:22","guid":{"rendered":"https:\/\/shop.swimstars.co\/?post_type=product&#038;p=11017"},"modified":"2024-05-07T11:10:02","modified_gmt":"2024-05-07T09:10:02","slug":"folleto-s-a-f-e-500-ejemplares-copie","status":"publish","type":"product","link":"https:\/\/shop.swimstars.co\/es\/produit\/folleto-s-a-f-e-500-ejemplares-copie\/","title":{"rendered":"Folleto S.A.F.E &#8211; 500 Ejamplares"},"content":{"rendered":"<p>Est\u00e1 dise\u00f1ado para reforzar el aprendizaje y garantizar la comprensi\u00f3n y retenci\u00f3n de todos los conceptos importantes del programa SAFE: Seguridad, Aprendizaje, Formaci\u00f3n, Medio Ambiente. Es una forma divertida y eficaz de que los alumnos repasen y adquieran conocimientos esenciales sobre seguridad en el agua.<\/p>\n","protected":false},"excerpt":{"rendered":"<p>59,46\u20ac los 500 folletos.<\/p>\n<p>El folleto SAFE: un recuerdo educativo para cada alumno.<\/p>\n<p>Formato A5<br \/>\nAcabado mate<br \/>\nMaterial 135g estucado brillante<br \/>\nCantidad : 500<\/p>\n","protected":false},"featured_media":11295,"comment_status":"open","ping_status":"closed","template":"","meta":[],"product_brand":[],"product_cat":[592],"product_tag":[],"class_list":{"0":"post-11017","1":"product","2":"type-product","3":"status-publish","4":"has-post-thumbnail","6":"product_cat-esenciales","8":"first","9":"instock","10":"taxable","11":"shipping-taxable","12":"purchasable","13":"product-type-simple"},"_links":{"self":[{"href":"https:\/\/shop.swimstars.co\/es\/wp-json\/wp\/v2\/product\/11017","targetHints":{"allow":["GET"]}}],"collection":[{"href":"https:\/\/shop.swimstars.co\/es\/wp-json\/wp\/v2\/product"}],"about":[{"href":"https:\/\/shop.swimstars.co\/es\/wp-json\/wp\/v2\/types\/product"}],"replies":[{"embeddable":true,"href":"https:\/\/shop.swimstars.co\/es\/wp-json\/wp\/v2\/comments?post=11017"}],"wp:featuredmedia":[{"embeddable":true,"href":"https:\/\/shop.swimstars.co\/es\/wp-json\/wp\/v2\/media\/11295"}],"wp:attachment":[{"href":"https:\/\/shop.swimstars.co\/es\/wp-json\/wp\/v2\/media?parent=11017"}],"wp:term":[{"taxonomy":"product_brand","embeddable":true,"href":"https:\/\/shop.swimstars.co\/es\/wp-json\/wp\/v2\/product_brand?post=11017"},{"taxonomy":"product_cat","embeddable":true,"href":"https:\/\/shop.swimstars.co\/es\/wp-json\/wp\/v2\/product_cat?post=11017"},{"taxonomy":"product_tag","embeddable":true,"href":"https:\/\/shop.swimstars.co\/es\/wp-json\/wp\/v2\/product_tag?post=11017"}],"curies":[{"name":"wp","href":"https:\/\/api.w.org\/{rel}","templated":true}]}}