{"id":10129,"date":"2024-02-12T18:21:06","date_gmt":"2024-02-12T17:21:06","guid":{"rendered":"https:\/\/shop.swimstars.co\/produit\/juego-de-insignias\/"},"modified":"2024-02-12T18:24:47","modified_gmt":"2024-02-12T17:24:47","slug":"juego-de-insignias","status":"publish","type":"product","link":"https:\/\/shop.swimstars.co\/es\/produit\/juego-de-insignias\/","title":{"rendered":"Insignias de guardianes del oc\u00e9ano"},"content":{"rendered":"<p>Vea nuestras insignias con los colores de los guardianes de los oc\u00e9anos. Con un revestimiento resistente a ara\u00f1azos y rayos UV y un acabado brillante, estos alfileres est\u00e1n hechos para durar. Presume de las cosas que te importan y a\u00f1ade un toque personal a tu ropa o accesorios con alfileres impresionantes.<\/p>\n<p>&#8211; Juego de 5<br \/>\n&#8211; De hojalata<br \/>\n&#8211; Revestimiento de mylar resistente a ara\u00f1azos y rayos UV<br \/>\n&#8211; Acabado brillante<br \/>\n&#8211; F\u00e1cil de fijar<\/p>\n","protected":false},"excerpt":{"rendered":"<p>Vea nuestras insignias con los colores de los guardianes de los oc\u00e9anos. Con un revestimiento resistente a ara\u00f1azos y rayos UV y un acabado brillante, estos alfileres est\u00e1n hechos para durar. Presume de las cosas que te importan y a\u00f1ade un toque personal a tu ropa o accesorios con alfileres impresionantes. &#8211; Juego de 5 &#8211; De hojalata &#8211; Revestimiento\u2026<\/p>\n","protected":false},"featured_media":10116,"comment_status":"open","ping_status":"closed","template":"","meta":[],"product_brand":[],"product_cat":[592],"product_tag":[],"class_list":{"0":"post-10129","1":"product","2":"type-product","3":"status-publish","4":"has-post-thumbnail","6":"product_cat-esenciales","8":"first","9":"instock","10":"taxable","11":"shipping-taxable","12":"purchasable","13":"product-type-variable"},"_links":{"self":[{"href":"https:\/\/shop.swimstars.co\/es\/wp-json\/wp\/v2\/product\/10129","targetHints":{"allow":["GET"]}}],"collection":[{"href":"https:\/\/shop.swimstars.co\/es\/wp-json\/wp\/v2\/product"}],"about":[{"href":"https:\/\/shop.swimstars.co\/es\/wp-json\/wp\/v2\/types\/product"}],"replies":[{"embeddable":true,"href":"https:\/\/shop.swimstars.co\/es\/wp-json\/wp\/v2\/comments?post=10129"}],"wp:featuredmedia":[{"embeddable":true,"href":"https:\/\/shop.swimstars.co\/es\/wp-json\/wp\/v2\/media\/10116"}],"wp:attachment":[{"href":"https:\/\/shop.swimstars.co\/es\/wp-json\/wp\/v2\/media?parent=10129"}],"wp:term":[{"taxonomy":"product_brand","embeddable":true,"href":"https:\/\/shop.swimstars.co\/es\/wp-json\/wp\/v2\/product_brand?post=10129"},{"taxonomy":"product_cat","embeddable":true,"href":"https:\/\/shop.swimstars.co\/es\/wp-json\/wp\/v2\/product_cat?post=10129"},{"taxonomy":"product_tag","embeddable":true,"href":"https:\/\/shop.swimstars.co\/es\/wp-json\/wp\/v2\/product_tag?post=10129"}],"curies":[{"name":"wp","href":"https:\/\/api.w.org\/{rel}","templated":true}]}}