{"id":6425,"date":"2023-01-06T13:40:27","date_gmt":"2023-01-06T12:40:27","guid":{"rendered":"https:\/\/shop.swimstars.co\/condiciones-generales-de-venta\/"},"modified":"2023-09-06T11:48:12","modified_gmt":"2023-09-06T09:48:12","slug":"condiciones-generales-de-venta","status":"publish","type":"page","link":"https:\/\/shop.swimstars.co\/es\/condiciones-generales-de-venta\/","title":{"rendered":"Condiciones generales de venta"},"content":{"rendered":"<p><strong>CONDICIONES GENERALES DE VENTA<\/strong><\/p><p>En vigor a partir del 08\/12\/2022<\/p><p><strong>ART\u00cdCULO 1 &#8211; \u00c1mbito de aplicaci\u00f3n<\/strong><\/p><p>Las presentes Condiciones Generales de Venta (&#8220;CGV&#8221;) se aplican, sin restricci\u00f3n ni reserva, a todas las ventas concluidas por el Vendedor con compradores no profesionales (&#8220;Clientes o el Cliente&#8221;) que deseen adquirir los productos puestos a la venta (&#8220;Productos&#8221;) por el Vendedor en el sitio web shop.swimstars.co. Los Productos ofrecidos a la venta en el sitio son los siguientes:<\/p><p>Ropa y accesorios para ni\u00f1os y adultos<\/p><p>Las caracter\u00edsticas principales de los Productos, y en particular las especificaciones, ilustraciones e indicaciones de las dimensiones o capacidad de los Productos, se presentan en el sitio web shop.swimstars.co, que el cliente est\u00e1 obligado a leer antes de realizar el pedido.<\/p><p>La elecci\u00f3n y la compra de un Producto son responsabilidad exclusiva del Cliente.<\/p><p>Las ofertas de productos est\u00e1n sujetas a disponibilidad, seg\u00fan se especifique al realizar el pedido.<\/p><p>Estas CGC est\u00e1n accesibles en todo momento en el sitio web shop.swimstars.co y prevalecer\u00e1n sobre cualquier otro documento.<\/p><p>El Cliente declara haber le\u00eddo las presentes CGV y haberlas aceptado marcando la casilla prevista a tal efecto antes de poner en marcha el procedimiento de pedido en l\u00ednea en el sitio shop.swimstars.co.<\/p><p>Salvo prueba en contrario, los datos registrados en el sistema inform\u00e1tico del Vendedor constituyen la prueba de todas las transacciones concluidas con el Cliente.<\/p><p>Los datos de contacto del vendedor son los siguientes:<\/p><p>Estrellas de la nataci\u00f3n, SAS<\/p><p>Capital social de 10.000 euros<\/p><p>Inscrita en el RCS de Par\u00eds con el n\u00famero 909679342<\/p><p>128 Rue de la Bo\u00e9tie<\/p><p>Correo electr\u00f3nico : shop@swimstars.co<\/p><p>Tel\u00e9fono: _______________<\/p><p>N\u00famero de IVA intracomunitario FR74909679342<\/p><p>Los Productos presentados en el sitio web shop.swimstars.co se ofrecen a la venta en los siguientes territorios:<\/p><p>B\u00e9lgica.<\/p><p>En caso de pedido a un pa\u00eds distinto de Francia metropolitana, el Cliente es el importador de los Productos en cuesti\u00f3n.<\/p><p>Para todos los Productos enviados fuera de la Uni\u00f3n Europea y de los departamentos y territorios franceses de ultramar, el precio se calcular\u00e1 autom\u00e1ticamente sin impuestos en la factura.<\/p><p>Es posible que haya que pagar derechos de aduana u otros impuestos locales o derechos de importaci\u00f3n o impuestos estatales. El Cliente ser\u00e1 el \u00fanico responsable de los mismos.<\/p><p><strong>ART\u00cdCULO 2 &#8211; Precios<\/strong><\/p><p>Los Productos se suministran a los precios vigentes que figuran en el sitio web shop.swimstars.co en el momento en que el Vendedor registra el pedido.<\/p><p>Los precios se indican en euros, sin IVA y con IVA.<\/p><p>Los precios tienen en cuenta los posibles descuentos concedidos por el Vendedor en el sitio web shop.swimstars.co.<\/p><p>Estos precios son firmes y no revisables durante su periodo de validez, pero el Vendedor se reserva el derecho, fuera de su periodo de validez, de modificar los precios en cualquier momento.<\/p><p>Los precios no incluyen los gastos de tramitaci\u00f3n, expedici\u00f3n, transporte y entrega, que se facturan aparte, en las condiciones indicadas en el sitio y se calculan antes de realizar el pedido.<\/p><p>El pago solicitado al Cliente corresponde al importe total de la compra, incluidos estos gastos.<\/p><p>El Vendedor elabora una factura y la entrega al Cliente en el momento de la entrega de los Productos pedidos.<\/p><p><strong>ART\u00cdCULO 3 &#8211; \u00d3rdenes<\/strong><\/p><p>Es responsabilidad del Cliente seleccionar los Productos que desea pedir en el sitio web shop.swimstars.co, de acuerdo con las siguientes modalidades:<\/p><p>El cliente elige un art\u00edculo en el sitio web shop.swimstars.co.<br\/>Para comprar un art\u00edculo, el cliente debe hacer clic en pedir, debe ir a su cesta, puede entonces modificar el art\u00edculo elegido, modificar la cantidad y\/o suprimir el art\u00edculo, para seguir adelante debe validar la cesta, rellenar los datos de entrega, los medios de pago y validar el pago para realizar el pedido.<br\/>El cliente recibir\u00e1 entonces una confirmaci\u00f3n del pedido y recibir\u00e1 el producto en el plazo indicado en el proceso de compra.<\/p><p>Las ofertas de productos son v\u00e1lidas mientras est\u00e9n visibles en el sitio, hasta agotar existencias.<\/p><p>La venta no se considerar\u00e1 v\u00e1lida hasta que el precio haya sido abonado en su totalidad. Es responsabilidad del cliente comprobar la exactitud del pedido e informar inmediatamente de cualquier error.<\/p><p>Todo pedido realizado en el sitio shop.swimstars.co constituye la formaci\u00f3n de un contrato celebrado a distancia entre el Cliente y el Vendedor.<\/p><p>El Vendedor se reserva el derecho de anular o rechazar cualquier pedido de un Cliente con el que exista un litigio relativo al pago de un pedido anterior.<\/p><p>Los clientes pueden seguir el progreso de su pedido en el sitio web.<\/p><p><strong>ART\u00cdCULO 4 &#8211; Condiciones de pago<\/strong><\/p><p>El precio se abona mediante pago seguro de la siguiente manera:<\/p><ul class=\"wp-block-list\"><li>pago con tarjeta de cr\u00e9dito<\/li><\/ul><p>El Cliente deber\u00e1 abonar la totalidad del precio el d\u00eda en que realice el pedido.<\/p><p>Los datos de pago se intercambian de forma encriptada utilizando el protocolo definido por el proveedor de servicios de pago autorizado para las transacciones bancarias realizadas en el sitio shop.swimstars.co.<\/p><p>Los pagos efectuados por el Cliente no se considerar\u00e1n definitivos hasta que el Vendedor haya recibido efectivamente las sumas debidas.<\/p><p>El Vendedor no estar\u00e1 obligado a entregar los Productos pedidos por el Cliente si \u00e9ste no paga al Vendedor la totalidad del precio de conformidad con las condiciones establecidas anteriormente.<\/p><p><strong>ART\u00cdCULO 5 &#8211; Entregas<\/strong><\/p><p>Los Productos encargados por el Cliente se entregar\u00e1n en Francia metropolitana o en la(s) zona(s) siguiente(s):<\/p><p>B\u00e9lgica.<\/p><p>Las entregas se realizan en pocos d\u00edas en la direcci\u00f3n indicada por el Cliente al realizar el pedido en el sitio.<\/p><p>La entrega consiste en la transferencia al Cliente de la posesi\u00f3n f\u00edsica o el control del Producto. Salvo en casos especiales o cuando uno o varios Productos no est\u00e9n disponibles, los Productos pedidos se entregar\u00e1n en una \u00fanica entrega.<\/p><p>El Vendedor se compromete a hacer todo lo posible para entregar los productos pedidos por el Cliente dentro de los plazos especificados anteriormente.<\/p><p>Si los Productos pedidos no han sido entregados en un plazo de 30 d\u00edas a partir de la fecha de entrega indicativa, por cualquier motivo que no sea de fuerza mayor o culpa del Cliente, la venta podr\u00e1 ser anulada a petici\u00f3n escrita del Cliente en las condiciones previstas en los art\u00edculos L 216-2, L 216-3 y L241-4 del C\u00f3digo de Consumo franc\u00e9s. Las sumas abonadas por el Cliente le ser\u00e1n entonces devueltas a m\u00e1s tardar en un plazo de catorce d\u00edas a partir de la fecha de rescisi\u00f3n del contrato, con exclusi\u00f3n de cualquier indemnizaci\u00f3n o deducci\u00f3n.<\/p><p>Las entregas son efectuadas por un transportista independiente en la direcci\u00f3n indicada por el Cliente al realizar el pedido y a la que el transportista tiene f\u00e1cil acceso.<\/p><p>Cuando el Cliente haya contratado a un transportista de su elecci\u00f3n, la entrega se considerar\u00e1 efectuada desde el momento en que los Productos pedidos hayan sido entregados por el Vendedor al transportista que los haya aceptado sin reservas. Por lo tanto, el Cliente reconoce que es responsabilidad del transportista realizar la entrega y no tiene ning\u00fan recurso contra el Vendedor en caso de incumplimiento de la entrega de la mercanc\u00eda transportada.<\/p><p>En caso de solicitud espec\u00edfica del Cliente relativa a las condiciones de embalaje o transporte de los productos pedidos, debidamente aceptada por escrito por el Vendedor, los costes relacionados ser\u00e1n objeto de una facturaci\u00f3n adicional espec\u00edfica, basada en una estimaci\u00f3n previamente aceptada por escrito por el Cliente.<\/p><p>El Cliente debe comprobar el estado de los productos entregados. Tiene un plazo de #254 Plazo m\u00e1ximo para&#8230; desde la entrega para presentar reclamaciones escribi\u00e9ndonos a trav\u00e9s de la pesta\u00f1a de contacto del sitio web shop.swimstars.co o por correo electr\u00f3nico a shop@swimstars.co, acompa\u00f1adas de todos los justificantes pertinentes (fotos en particular). Transcurrido este plazo y si no se han cumplido estas formalidades, los Productos se considerar\u00e1n conformes y exentos de todo defecto aparente y ninguna reclamaci\u00f3n ser\u00e1 v\u00e1lidamente aceptada por el Vendedor.<\/p><p>El Vendedor reembolsar\u00e1 o sustituir\u00e1, lo antes posible y a sus expensas, los Productos entregados para los que el Cliente haya probado debidamente la falta de conformidad o los defectos aparentes u ocultos, en las condiciones previstas en los art\u00edculos L 217-4 y siguientes del C\u00f3digo de Consumo franc\u00e9s y las previstas en las presentes CGV.<\/p><p>La transferencia de los riesgos de p\u00e9rdida y deterioro relativos a los mismos s\u00f3lo tendr\u00e1 lugar cuando el Cliente tome posesi\u00f3n f\u00edsica de los Productos. Por lo tanto, los Productos viajan por cuenta y riesgo del Vendedor, salvo que el Cliente haya elegido el transportista. En este sentido, los riesgos se transfieren en el momento de la entrega de la mercanc\u00eda al transportista.<\/p><p><strong>ART\u00cdCULO 6 &#8211; Transferencia de propiedad<\/strong><\/p><p>La transferencia de propiedad de los Productos del Vendedor al Cliente s\u00f3lo tendr\u00e1 lugar tras el pago \u00edntegro del precio por este \u00faltimo, independientemente de la fecha de entrega de dichos Productos.<\/p><p><strong>ART\u00cdCULO 7 &#8211; Derecho de desistimiento<\/strong><\/p><p>De conformidad con el art\u00edculo L221-18 del C\u00f3digo de Consumo franc\u00e9s.<br\/>En el caso de los contratos que prev\u00e9n la entrega peri\u00f3dica de bienes a lo largo de un periodo definido, el plazo empieza a contar a partir de la recepci\u00f3n de los primeros bienes.<\/p><p>El derecho de desistimiento podr\u00e1 ejercerse en l\u00ednea, utilizando el formulario de desistimiento adjunto y tambi\u00e9n disponible en el sitio, o mediante cualquier otra declaraci\u00f3n inequ\u00edvoca en la que se exprese el deseo de desistir, y en particular por correo postal dirigido al Vendedor a la direcci\u00f3n postal o electr\u00f3nica indicada en el ART\u00cdCULO 1 de las CGV.<\/p><p>Las devoluciones deben hacerse en su estado original y completas (embalaje, accesorios, instrucciones, etc.) para que puedan volver a comercializarse como nuevas, acompa\u00f1adas de la factura de compra.<\/p><p>No se aceptar\u00e1n productos da\u00f1ados, sucios o incompletos.<\/p><p>Los gastos de devoluci\u00f3n de la mercanc\u00eda correr\u00e1n a cargo del Cliente.<\/p><p>El cambio (bajo reserva de disponibilidad) o el reembolso se efectuar\u00e1 en un plazo de 14 d\u00edas a partir de la recepci\u00f3n por el Vendedor de los Productos devueltos por el Cliente en las condiciones previstas en el presente art\u00edculo.<\/p><p><strong>ART\u00cdCULO 8 &#8211; Responsabilidad del vendedor &#8211; Garant\u00edas<\/strong><\/p><p>Los Productos suministrados por el Vendedor se benefician de :<\/p><ul class=\"wp-block-list\"><li>la garant\u00eda legal de conformidad, para los Productos defectuosos, da\u00f1ados o que no correspondan al pedido,<\/li>\n\n<li>la garant\u00eda legal contra vicios ocultos resultante de un defecto de material, dise\u00f1o o fabricaci\u00f3n que afecte a los productos entregados y los haga no aptos para su uso,<\/li><\/ul><p>Disposiciones relativas a las garant\u00edas jur\u00eddicas<\/p><p>Art\u00edculo L217-4 del C\u00f3digo de Consumo<\/p><p>&#8220;El vendedor est\u00e1 obligado a entregar bienes conformes con el contrato y es responsable de cualquier falta de conformidad existente en el momento de la entrega. Tambi\u00e9n responder\u00e1 de las faltas de conformidad que se deriven del embalaje, de las instrucciones de montaje o de la instalaci\u00f3n cuando \u00e9sta haya sido de su responsabilidad en virtud del contrato o se haya realizado bajo su responsabilidad.<\/p><p>Art\u00edculo L217-5 del C\u00f3digo de Consumo<\/p><p>&#8220;La propiedad se ajusta al contrato:<\/p><p>1\u00b0 Si es apto para el uso que ordinariamente se espera de productos similares y, en caso afirmativo :<\/p><p>&#8211; si corresponde a la descripci\u00f3n dada por el vendedor y tiene las cualidades que el vendedor present\u00f3 al comprador en forma de muestra o modelo;<\/p><p>&#8211; posee las cualidades que un comprador puede leg\u00edtimamente esperar, habida cuenta de las declaraciones p\u00fablicas efectuadas por el vendedor, el productor o su representante, en particular en la publicidad o el etiquetado;<\/p><p>2\u00b0 O si tiene las caracter\u00edsticas definidas de mutuo acuerdo entre las partes o es apto para cualquier uso especial buscado por el comprador, puesto en conocimiento del vendedor y aceptado por \u00e9ste.<\/p><p>Art\u00edculo L217-12 del C\u00f3digo de Consumo<\/p><p>&#8220;Toda acci\u00f3n derivada de una falta de conformidad prescribir\u00e1 a los dos a\u00f1os a partir de la fecha de entrega de las mercanc\u00edas.<\/p><p>Art\u00edculo 1641 del C\u00f3digo Civil franc\u00e9s.<\/p><p>&#8220;El vendedor es responsable de los vicios ocultos de los bienes vendidos que los hagan impropios para el uso al que est\u00e1n destinados, o que menoscaben dicho uso hasta el punto de que el comprador no los habr\u00eda adquirido, o habr\u00eda pagado por ellos un precio inferior, de haberlos conocido&#8221;.<\/p><p>Art\u00edculo 1648, apartado 1, del C\u00f3digo Civil<\/p><p>&#8220;Toda acci\u00f3n derivada de vicios redhibitorios debe ser ejercitada por el comprador en el plazo de dos a\u00f1os a partir del descubrimiento del vicio.<\/p><p>Art\u00edculo L217-16 del C\u00f3digo de Consumo franc\u00e9s.<\/p><p>&#8220;Cuando el comprador solicita al vendedor, durante el per\u00edodo de garant\u00eda comercial que se le concedi\u00f3 en el momento de la compra o reparaci\u00f3n de un bien mueble, una reparaci\u00f3n cubierta por la garant\u00eda, se a\u00f1ade a la duraci\u00f3n de la garant\u00eda que quedaba por correr un per\u00edodo de inmovilizaci\u00f3n de al menos siete d\u00edas. Este per\u00edodo se cuenta a partir de la fecha de la solicitud de servicio por parte del comprador o a partir de la fecha en que el bien en cuesti\u00f3n se pone a disposici\u00f3n para su reparaci\u00f3n, si se pone a disposici\u00f3n despu\u00e9s de la solicitud de servicio.<\/p><p>Para hacer valer sus derechos, el Cliente deber\u00e1 informar al Vendedor por escrito (correo electr\u00f3nico o carta) de la no conformidad de los Productos o de la existencia de vicios ocultos en cuanto los descubra.<\/p><p>El Vendedor reembolsar\u00e1, sustituir\u00e1 o har\u00e1 reparar los Productos o piezas en garant\u00eda que se consideren no conformes o defectuosos.<\/p><p>Los gastos de env\u00edo se reembolsar\u00e1n sobre la base de la tarifa facturada y los gastos de devoluci\u00f3n se reembolsar\u00e1n previa presentaci\u00f3n de justificantes.<\/p><p>Los reembolsos, sustituciones o reparaciones de Productos no conformes o defectuosos se efectuar\u00e1n lo antes posible y, a m\u00e1s tardar, en los 7 d\u00edas siguientes a la constataci\u00f3n por parte del Vendedor de la no conformidad o del defecto oculto. Este reembolso puede efectuarse por transferencia bancaria o cheque.<\/p><p>El Vendedor no podr\u00e1 ser considerado responsable en los siguientes casos:<\/p><ul class=\"wp-block-list\"><li>incumplimiento de la legislaci\u00f3n del pa\u00eds al que se entregan los productos, que es responsabilidad del Cliente comprobar,<\/li>\n\n<li>en caso de uso indebido, utilizaci\u00f3n con fines profesionales, negligencia o falta de mantenimiento por parte del Cliente, as\u00ed como en caso de desgaste normal del Producto, accidente o fuerza mayor.<\/li>\n\n<li>Las fotograf\u00edas y gr\u00e1ficos presentados en el sitio no son contractuales y el Vendedor no se hace responsable de ellos.<\/li><\/ul><p>La garant\u00eda del Vendedor se limita, en cualquier caso, a la sustituci\u00f3n o reembolso de los Productos no conformes o afectados por un defecto.<\/p><p><strong>ART\u00cdCULO 9 &#8211; Datos personales<\/strong><\/p><p>El Cliente queda informado de que la recogida de sus datos personales es necesaria para la venta de Productos por parte del Vendedor y para la transmisi\u00f3n de dichos datos a terceros con el fin de entregar Productos. Estos datos personales se recogen con el \u00fanico fin de ejecutar el contrato de venta.<\/p><p><strong>9.1 Recogida de datos personales<\/strong><\/p><p>En el sitio web shop.swimstars.co se recogen los siguientes datos personales:<\/p><p><strong>Pedir productos :<\/strong><\/p><p>Cuando el Cliente encarga Productos :<\/p><p>Nombre completo, direcci\u00f3n postal, n\u00famero de tel\u00e9fono y direcci\u00f3n de correo electr\u00f3nico.<\/p><p><strong>Pago<\/strong><\/p><p>Al pagar los Productos ofrecidos en el sitio shop.swimstars.co, \u00e9ste registra los datos financieros relativos a la cuenta bancaria o a la tarjeta de cr\u00e9dito del Cliente\/usuario.<\/p><p><strong>9.2 Destinatarios de los datos personales<\/strong><\/p><p>Los datos personales son utilizados por el Vendedor y sus co-contratistas para la ejecuci\u00f3n del contrato y para asegurar la venta y entrega eficiente de los Productos.<\/p><p>La(s) categor\u00eda(s) de cocontratante(s) es (son) :<\/p><ul class=\"wp-block-list\"><li>Proveedores de servicios de transporte<\/li>\n\n<li>Proveedores de servicios de entidades de pago<\/li>\n\n<li>Proveedores<\/li><\/ul><p><strong>9.3 Controlador de datos<\/strong><\/p><p>El responsable del tratamiento es el Vendedor, en el sentido de la Ley francesa de protecci\u00f3n de datos y, a partir del 25 de mayo de 2018, del Reglamento 2016\/679 relativo a la protecci\u00f3n de datos personales.<\/p><p><strong>9.4 limitaci\u00f3n del tratamiento<\/strong><\/p><p>Salvo consentimiento expreso del Cliente, sus datos personales no se utilizar\u00e1n con fines publicitarios o de marketing.<\/p><p><strong>9.5 Periodo de conservaci\u00f3n de los datos<\/strong><\/p><p>El Vendedor conservar\u00e1 los datos as\u00ed recogidos durante un periodo de 5 a\u00f1os, que cubrir\u00e1 el periodo de prescripci\u00f3n de la responsabilidad civil contractual aplicable.<\/p><p><strong>9.6 Seguridad y confidencialidad<\/strong><\/p><p>El Vendedor aplica medidas de seguridad organizativas, t\u00e9cnicas, inform\u00e1ticas y f\u00edsicas digitales para proteger los datos personales contra la alteraci\u00f3n, la destrucci\u00f3n y el acceso no autorizado. No obstante, debe tenerse en cuenta que Internet no es un entorno completamente seguro y el Vendedor no puede garantizar la seguridad de la transmisi\u00f3n o el almacenamiento de informaci\u00f3n en Internet.<\/p><p><strong>9.7 Aplicaci\u00f3n de los derechos de los clientes y usuarios<\/strong><\/p><p>De conformidad con la normativa aplicable a los datos personales, los Clientes y usuarios del sitio web shop.swimstars.co tienen los siguientes derechos:<\/p><ul class=\"wp-block-list\"><li>Pueden actualizar o eliminar sus datos de las siguientes maneras:<\/li><\/ul><p>Escr\u00edbanos a la pesta\u00f1a de contacto para comunicarnos que desea eliminar sus datos personales.<\/p><ul class=\"wp-block-list\"><li>Podr\u00e1n eliminar su cuenta escribiendo a la direcci\u00f3n de correo electr\u00f3nico indicada en el art\u00edculo 9.3 &#8220;Responsable del tratamiento&#8221;.<\/li>\n\n<li>Podr\u00e1n ejercer su derecho de acceso a los datos personales que les conciernen dirigi\u00e9ndose por escrito a la direcci\u00f3n indicada en el art\u00edculo 9.3 &#8220;Responsable del tratamiento&#8221;.<\/li>\n\n<li>Si los datos personales que obran en poder del Vendedor son inexactos, podr\u00e1 solicitar su actualizaci\u00f3n dirigi\u00e9ndose por escrito a la direcci\u00f3n indicada en el art\u00edculo 9.3 &#8220;Responsable del tratamiento&#8221;.<\/li>\n\n<li>Podr\u00e1n solicitar la supresi\u00f3n de sus datos personales, de conformidad con la legislaci\u00f3n aplicable en materia de protecci\u00f3n de datos, dirigi\u00e9ndose por escrito a la direcci\u00f3n indicada en el art\u00edculo 9.3 &#8220;Responsable del tratamiento&#8221;.<\/li>\n\n<li>Tambi\u00e9n podr\u00e1n solicitar la portabilidad de los datos que obren en poder del Vendedor a otro proveedor de servicios.<\/li>\n\n<li>Por \u00faltimo, pueden oponerse al tratamiento de sus datos por parte del Vendedor.<\/li><\/ul><p>Estos derechos, siempre que no entren en conflicto con la finalidad del tratamiento, podr\u00e1n ejercerse enviando una solicitud por correo postal o electr\u00f3nico al responsable del tratamiento, cuyos datos de contacto figuran m\u00e1s arriba.<\/p><p>El responsable del tratamiento debe responder en el plazo m\u00e1ximo de un mes.<\/p><p>Si se deniega la solicitud del cliente, deber\u00e1 justificarse.<\/p><p>Se informa al Cliente de que, en caso de denegaci\u00f3n, puede presentar una reclamaci\u00f3n ante la CNIL (3 place de Fontenoy, 75007 PAR\u00cdS) o recurrir a una autoridad judicial.<\/p><p>Es posible que se pida al Cliente que marque una casilla por la que acepta recibir correos electr\u00f3nicos informativos y publicitarios del Vendedor. Siempre tendr\u00e1n la opci\u00f3n de revocar su acuerdo en cualquier momento poni\u00e9ndose en contacto con el Vendedor (datos de contacto m\u00e1s arriba) o siguiendo el enlace para darse de baja.<\/p><p><strong>ART\u00cdCULO 10 &#8211; Propiedad intelectual<\/strong><\/p><p>El contenido del sitio shop.swimstars.co es propiedad del Vendedor y de sus socios y est\u00e1 protegido por las leyes francesas e internacionales de propiedad intelectual.<\/p><p>Cualquier reproducci\u00f3n total o parcial de este contenido est\u00e1 estrictamente prohibida y puede constituir una infracci\u00f3n de los derechos de autor.<\/p><p><strong>ART\u00cdCULO 11 &#8211; Ley aplicable &#8211; Idioma<\/strong><\/p><p>Las presentes Condiciones Generales y las transacciones que de ellas se deriven se rigen y est\u00e1n sujetas a la legislaci\u00f3n francesa.<\/p><p>Estas CGC est\u00e1n redactadas en franc\u00e9s. Si se traducen a una o varias lenguas extranjeras, en caso de litigio s\u00f3lo se considerar\u00e1 aut\u00e9ntico el texto franc\u00e9s.<\/p><p><strong>ART\u00cdCULO 12 &#8211; Litigios<\/strong><\/p><p>Si tiene alguna queja, p\u00f3ngase en contacto con el Servicio de Atenci\u00f3n al Cliente en la direcci\u00f3n postal o de correo electr\u00f3nico shop@swimstars.fr indicada en el ART\u00cdCULO 1 de las presentes CGC.<\/p><p>El Cliente queda informado de que, en caso de litigio, podr\u00e1 recurrir en cualquier caso a la mediaci\u00f3n convencional, ante los organismos de mediaci\u00f3n sectorial existentes, o a cualquier m\u00e9todo alternativo de resoluci\u00f3n de litigios (conciliaci\u00f3n, por ejemplo).  <\/p><p>En este caso, el mediador designado es<\/p><p>_______________<\/p><p>_______________<\/p><p>_______________<\/p><p>Correo electr\u00f3nico : _______________.  <\/p><p>Asimismo, se informa a los clientes de que tambi\u00e9n pueden utilizar la plataforma de resoluci\u00f3n de litigios en l\u00ednea (ODR): https:\/\/webgate.ec.europa.eu\/odr\/main\/index.cfm?event=main.home.show.<\/p><p>Todos los litigios derivados de las operaciones de compraventa celebradas en aplicaci\u00f3n de las presentes CGV y que no hayan sido resueltos amistosamente entre el vendedor o por mediaci\u00f3n, ser\u00e1n sometidos a los tribunales competentes en las condiciones del derecho com\u00fan.<\/p><p>Dirigido a https:\/\/www.legalplace.fr<\/p><p><strong>ANEXO I<\/strong><\/p><p><strong>Formulario de desistimiento<\/strong><\/p><p>Fecha ______________________<\/p><p>Este formulario deber\u00e1 cumplimentarse y devolverse \u00fanicamente si el Cliente desea desistir del pedido realizado en shop.swimstars.co, salvo que se establezcan exclusiones o l\u00edmites al ejercicio del derecho de desistimiento en las Condiciones Generales de Venta aplicables.<\/p><p>A la atenci\u00f3n de SAS, Swim Stars<\/p><p>128 Rue de la Bo\u00e9tie, 75008 Par\u00eds<\/p><p>Por la presente notifico que desisto del contrato relativo a los siguientes bienes:<\/p><p>&#8211; Pedido el (indicar fecha)<\/p><p>&#8211; N\u00famero de pedido: &#8230;&#8230;&#8230;&#8230;&#8230;&#8230;&#8230;&#8230;&#8230;&#8230;&#8230;&#8230;&#8230;&#8230;&#8230;&#8230;&#8230;&#8230;&#8230;..<\/p><p>&#8211; Nombre del cliente: &#8230;&#8230;&#8230;&#8230;&#8230;&#8230;&#8230;&#8230;&#8230;&#8230;&#8230;&#8230;&#8230;&#8230;&#8230;&#8230;&#8230;&#8230;&#8230;&#8230;&#8230;&#8230;&#8230;&#8230;&#8230;<\/p><p>&#8211; Direcci\u00f3n del cliente: &#8230;&#8230;&#8230;&#8230;&#8230;&#8230;&#8230;&#8230;&#8230;&#8230;&#8230;&#8230;&#8230;&#8230;&#8230;&#8230;&#8230;&#8230;&#8230;&#8230;&#8230;&#8230;&#8230;..<\/p><p>Firma del cliente (s\u00f3lo si este formulario se env\u00eda en papel)<\/p>","protected":false},"excerpt":{"rendered":"<p>CONDICIONES GENERALES DE VENTA En vigor a partir del 08\/12\/2022 ART\u00cdCULO 1 &#8211; \u00c1mbito de aplicaci\u00f3n Las presentes Condiciones Generales de Venta (&#8220;CGV&#8221;) se aplican, sin restricci\u00f3n ni reserva, a todas las ventas concluidas por el Vendedor con compradores no profesionales (&#8220;Clientes o el Cliente&#8221;) que deseen adquirir los productos puestos a la venta (&#8220;Productos&#8221;) por el Vendedor en el\u2026<\/p>\n","protected":false},"author":2,"featured_media":0,"parent":0,"menu_order":0,"comment_status":"closed","ping_status":"closed","template":"","meta":{"footnotes":""},"class_list":["post-6425","page","type-page","status-publish","hentry"],"_links":{"self":[{"href":"https:\/\/shop.swimstars.co\/es\/wp-json\/wp\/v2\/pages\/6425","targetHints":{"allow":["GET"]}}],"collection":[{"href":"https:\/\/shop.swimstars.co\/es\/wp-json\/wp\/v2\/pages"}],"about":[{"href":"https:\/\/shop.swimstars.co\/es\/wp-json\/wp\/v2\/types\/page"}],"author":[{"embeddable":true,"href":"https:\/\/shop.swimstars.co\/es\/wp-json\/wp\/v2\/users\/2"}],"replies":[{"embeddable":true,"href":"https:\/\/shop.swimstars.co\/es\/wp-json\/wp\/v2\/comments?post=6425"}],"version-history":[{"count":1,"href":"https:\/\/shop.swimstars.co\/es\/wp-json\/wp\/v2\/pages\/6425\/revisions"}],"predecessor-version":[{"id":6426,"href":"https:\/\/shop.swimstars.co\/es\/wp-json\/wp\/v2\/pages\/6425\/revisions\/6426"}],"wp:attachment":[{"href":"https:\/\/shop.swimstars.co\/es\/wp-json\/wp\/v2\/media?parent=6425"}],"curies":[{"name":"wp","href":"https:\/\/api.w.org\/{rel}","templated":true}]}}