{"id":7700,"date":"2023-08-29T17:24:20","date_gmt":"2023-08-29T15:24:20","guid":{"rendered":"https:\/\/shop.swimstars.co\/produit\/diplomas-1er-curso-de-natacion\/"},"modified":"2024-05-06T13:26:34","modified_gmt":"2024-05-06T11:26:34","slug":"diplomas-1st-curso-de-natacion","status":"publish","type":"product","link":"https:\/\/shop.swimstars.co\/en\/produit\/diplomas-1st-curso-de-natacion\/","title":{"rendered":"Diplomas 1er Curso de Nataci\u00f3n"},"content":{"rendered":"<p>En Swim Stars, nos esforzamos por ofrecer la mejor experiencia en clases de nataci\u00f3n a todos los que conf\u00edan en nosotros para ense\u00f1ar a sus seres queridos. Por eso creamos nuestra iniciativa del diploma &#8220;Mi 1\u00aa clase de nataci\u00f3n&#8221;, para empoderar y recompensar a nuestros nadadores cuando alcanzan un determinado nivel de destreza en el agua. Los instructores han creado un programa profesional que garantiza que cada alumno reciba una formaci\u00f3n de la m\u00e1xima calidad en sus habilidades de nataci\u00f3n. Para graduarse, deben completar el curso abierto, que incluye introducci\u00f3n a la competici\u00f3n, y recibir un diploma en reconocimiento de su logro, pero tambi\u00e9n adquieren una sensaci\u00f3n de logro y una mayor confianza en el agua.<\/p>\n","protected":false},"excerpt":{"rendered":"<p>Cada uno, es decir, 43,51\u20ac en total<\/p>\n<p>Diploma mi 1\u1d49\u02b3 curso de nataci\u00f3n Swim Stars es recompensar a la gente despu\u00e9s de completar su curso Discovered. Entendemos la importancia de aprender a nadar con seguridad y confianza. Es por eso que el 1er curso de nataci\u00f3n est\u00e1n dise\u00f1ados para ayudar y recompensar con este diploma.<\/p>\n<p>Cantidad : 250<br \/>\nFormato: 210 x 297 mm A4<br \/>\nTipo de papel: 0,22 mm de grosor<br \/>\nAcabado: 250 g Papel estucado semimate<\/p>\n","protected":false},"featured_media":6343,"comment_status":"closed","ping_status":"closed","template":"","meta":[],"product_brand":[],"product_cat":[593],"product_tag":[],"class_list":{"0":"post-7700","1":"product","2":"type-product","3":"status-publish","4":"has-post-thumbnail","6":"product_cat-essentials","8":"first","9":"instock","10":"taxable","11":"shipping-taxable","12":"purchasable","13":"product-type-simple"},"_links":{"self":[{"href":"https:\/\/shop.swimstars.co\/en\/wp-json\/wp\/v2\/product\/7700","targetHints":{"allow":["GET"]}}],"collection":[{"href":"https:\/\/shop.swimstars.co\/en\/wp-json\/wp\/v2\/product"}],"about":[{"href":"https:\/\/shop.swimstars.co\/en\/wp-json\/wp\/v2\/types\/product"}],"replies":[{"embeddable":true,"href":"https:\/\/shop.swimstars.co\/en\/wp-json\/wp\/v2\/comments?post=7700"}],"wp:featuredmedia":[{"embeddable":true,"href":"https:\/\/shop.swimstars.co\/en\/wp-json\/wp\/v2\/media\/6343"}],"wp:attachment":[{"href":"https:\/\/shop.swimstars.co\/en\/wp-json\/wp\/v2\/media?parent=7700"}],"wp:term":[{"taxonomy":"product_brand","embeddable":true,"href":"https:\/\/shop.swimstars.co\/en\/wp-json\/wp\/v2\/product_brand?post=7700"},{"taxonomy":"product_cat","embeddable":true,"href":"https:\/\/shop.swimstars.co\/en\/wp-json\/wp\/v2\/product_cat?post=7700"},{"taxonomy":"product_tag","embeddable":true,"href":"https:\/\/shop.swimstars.co\/en\/wp-json\/wp\/v2\/product_tag?post=7700"}],"curies":[{"name":"wp","href":"https:\/\/api.w.org\/{rel}","templated":true}]}}