{"id":11360,"date":"2024-05-07T11:44:02","date_gmt":"2024-05-07T09:44:02","guid":{"rendered":"https:\/\/shop.swimstars.co\/produit\/taza-color-interior\/"},"modified":"2024-05-07T11:44:02","modified_gmt":"2024-05-07T09:44:02","slug":"taza-color-interior","status":"publish","type":"product","link":"https:\/\/shop.swimstars.co\/en\/produit\/taza-color-interior\/","title":{"rendered":"Taza color interior"},"content":{"rendered":"<p>\u00a1A\u00f1ade un toque de color a tu ritual matutino de caf\u00e9 o t\u00e9! Estas tazas de cer\u00e1mica no s\u00f3lo tienen un hermoso dise\u00f1o, sino tambi\u00e9n un borde, un asa y un interior coloridos que no har\u00e1n m\u00e1s que darle alegr\u00eda a tu estante de tazas.<\/p>\n<p>&#8211; Cer\u00e1mica<br \/>\n&#8211; Dimensiones de la taza de 11 oz: 9,6 cm (3,79\u2033) de altura, 8,3 cm (3,25\u2033) de di\u00e1metro<br \/>\n&#8211; Dimensiones de la taza de 15 oz: 11,9 cm (4,69\u2033) de altura, 8,5 cm (3,35\u2033) de di\u00e1metro<br \/>\n&#8211; Borde, interior y asa de color<br \/>\n&#8211; Apta para lavavajillas y microondas<\/p>\n","protected":false},"excerpt":{"rendered":"<p>\u00a1A\u00f1ade un toque de color a tu ritual matutino de caf\u00e9 o t\u00e9! Estas tazas de cer\u00e1mica no s\u00f3lo tienen un hermoso dise\u00f1o, sino tambi\u00e9n un borde, un asa y un interior coloridos que no har\u00e1n m\u00e1s que darle alegr\u00eda a tu estante de tazas. &#8211; Cer\u00e1mica &#8211; Dimensiones de la taza de 11 oz: 9,6 cm (3,79\u2033) de altura,\u2026<\/p>\n","protected":false},"featured_media":11307,"comment_status":"open","ping_status":"closed","template":"","meta":[],"product_brand":[],"product_cat":[593],"product_tag":[],"class_list":{"0":"post-11360","1":"product","2":"type-product","3":"status-publish","4":"has-post-thumbnail","6":"product_cat-essentials","8":"first","9":"instock","10":"taxable","11":"shipping-taxable","12":"purchasable","13":"product-type-variable"},"_links":{"self":[{"href":"https:\/\/shop.swimstars.co\/en\/wp-json\/wp\/v2\/product\/11360","targetHints":{"allow":["GET"]}}],"collection":[{"href":"https:\/\/shop.swimstars.co\/en\/wp-json\/wp\/v2\/product"}],"about":[{"href":"https:\/\/shop.swimstars.co\/en\/wp-json\/wp\/v2\/types\/product"}],"replies":[{"embeddable":true,"href":"https:\/\/shop.swimstars.co\/en\/wp-json\/wp\/v2\/comments?post=11360"}],"wp:featuredmedia":[{"embeddable":true,"href":"https:\/\/shop.swimstars.co\/en\/wp-json\/wp\/v2\/media\/11307"}],"wp:attachment":[{"href":"https:\/\/shop.swimstars.co\/en\/wp-json\/wp\/v2\/media?parent=11360"}],"wp:term":[{"taxonomy":"product_brand","embeddable":true,"href":"https:\/\/shop.swimstars.co\/en\/wp-json\/wp\/v2\/product_brand?post=11360"},{"taxonomy":"product_cat","embeddable":true,"href":"https:\/\/shop.swimstars.co\/en\/wp-json\/wp\/v2\/product_cat?post=11360"},{"taxonomy":"product_tag","embeddable":true,"href":"https:\/\/shop.swimstars.co\/en\/wp-json\/wp\/v2\/product_tag?post=11360"}],"curies":[{"name":"wp","href":"https:\/\/api.w.org\/{rel}","templated":true}]}}