{"id":11246,"date":"2024-05-03T13:02:09","date_gmt":"2024-05-03T11:02:09","guid":{"rendered":"https:\/\/shop.swimstars.co\/?post_type=product&#038;p=11246"},"modified":"2024-05-03T13:05:55","modified_gmt":"2024-05-03T11:05:55","slug":"t-card-s-a-f-e-environnement-copie","status":"publish","type":"product","link":"https:\/\/shop.swimstars.co\/en\/produit\/t-card-s-a-f-e-environnement-copie\/","title":{"rendered":"T-Card S.A.F.E. Enterno (ES)"},"content":{"rendered":"","protected":false},"excerpt":{"rendered":"<p>Una herramienta pedag\u00f3gica indispensable para las intervenciones escolares. Esta pancarta, ricamente ilustrada, est\u00e1 dise\u00f1ada para captar y educar a los ni\u00f1os de manera interactiva y visual. Forma parte de un conjunto de cuatro pancartas, cada una dedicada a una etapa clave de nuestro programa: <strong>Seguridad, Aprendizaje, Formaci\u00f3n y Medio Ambiente.<\/strong><\/p>\n<p>Formato: 50 x 70 cm<\/p>\n<p>Espesor: 3.5 mm<\/p>\n<p>Material: Polipropileno (correx\/akilux)<\/p>\n","protected":false},"featured_media":11248,"comment_status":"open","ping_status":"closed","template":"","meta":[],"product_brand":[],"product_cat":[593],"product_tag":[],"class_list":{"0":"post-11246","1":"product","2":"type-product","3":"status-publish","4":"has-post-thumbnail","6":"product_cat-essentials","8":"first","9":"instock","10":"taxable","11":"shipping-taxable","12":"purchasable","13":"product-type-simple"},"_links":{"self":[{"href":"https:\/\/shop.swimstars.co\/en\/wp-json\/wp\/v2\/product\/11246","targetHints":{"allow":["GET"]}}],"collection":[{"href":"https:\/\/shop.swimstars.co\/en\/wp-json\/wp\/v2\/product"}],"about":[{"href":"https:\/\/shop.swimstars.co\/en\/wp-json\/wp\/v2\/types\/product"}],"replies":[{"embeddable":true,"href":"https:\/\/shop.swimstars.co\/en\/wp-json\/wp\/v2\/comments?post=11246"}],"wp:featuredmedia":[{"embeddable":true,"href":"https:\/\/shop.swimstars.co\/en\/wp-json\/wp\/v2\/media\/11248"}],"wp:attachment":[{"href":"https:\/\/shop.swimstars.co\/en\/wp-json\/wp\/v2\/media?parent=11246"}],"wp:term":[{"taxonomy":"product_brand","embeddable":true,"href":"https:\/\/shop.swimstars.co\/en\/wp-json\/wp\/v2\/product_brand?post=11246"},{"taxonomy":"product_cat","embeddable":true,"href":"https:\/\/shop.swimstars.co\/en\/wp-json\/wp\/v2\/product_cat?post=11246"},{"taxonomy":"product_tag","embeddable":true,"href":"https:\/\/shop.swimstars.co\/en\/wp-json\/wp\/v2\/product_tag?post=11246"}],"curies":[{"name":"wp","href":"https:\/\/api.w.org\/{rel}","templated":true}]}}