{"id":11234,"date":"2024-05-03T12:55:59","date_gmt":"2024-05-03T10:55:59","guid":{"rendered":"https:\/\/shop.swimstars.co\/?post_type=product&#038;p=11234"},"modified":"2024-05-03T12:59:22","modified_gmt":"2024-05-03T10:59:22","slug":"t-card-s-a-f-e-apprenticeship-copie","status":"publish","type":"product","link":"https:\/\/shop.swimstars.co\/en\/produit\/t-card-s-a-f-e-apprenticeship-copie\/","title":{"rendered":"T-Card S.A.F.E. Auto-rescue (ES)"},"content":{"rendered":"","protected":false},"excerpt":{"rendered":"<p>Una herramienta educativa esencial para los actos escolares. Este cartel ricamente ilustrado est\u00e1 dise\u00f1ado para cautivar y educar a los ni\u00f1os de forma interactiva y visual. Forma parte de un conjunto de cuatro carteles, cada uno dedicado a una etapa clave de nuestro programa: Seguridad, Aprendizaje, Formaci\u00f3n y Medio ambiente.<\/p>\n<p>Formato: 50 x 70 cm<br \/>\nSize: 3.5 mm<br \/>\nMaterial: Polipropileno (correx\/akilux)<\/p>\n<p>&nbsp;<\/p>\n","protected":false},"featured_media":11239,"comment_status":"open","ping_status":"closed","template":"","meta":[],"product_brand":[],"product_cat":[593],"product_tag":[],"class_list":{"0":"post-11234","1":"product","2":"type-product","3":"status-publish","4":"has-post-thumbnail","6":"product_cat-essentials","8":"first","9":"instock","10":"taxable","11":"shipping-taxable","12":"purchasable","13":"product-type-simple"},"_links":{"self":[{"href":"https:\/\/shop.swimstars.co\/en\/wp-json\/wp\/v2\/product\/11234","targetHints":{"allow":["GET"]}}],"collection":[{"href":"https:\/\/shop.swimstars.co\/en\/wp-json\/wp\/v2\/product"}],"about":[{"href":"https:\/\/shop.swimstars.co\/en\/wp-json\/wp\/v2\/types\/product"}],"replies":[{"embeddable":true,"href":"https:\/\/shop.swimstars.co\/en\/wp-json\/wp\/v2\/comments?post=11234"}],"wp:featuredmedia":[{"embeddable":true,"href":"https:\/\/shop.swimstars.co\/en\/wp-json\/wp\/v2\/media\/11239"}],"wp:attachment":[{"href":"https:\/\/shop.swimstars.co\/en\/wp-json\/wp\/v2\/media?parent=11234"}],"wp:term":[{"taxonomy":"product_brand","embeddable":true,"href":"https:\/\/shop.swimstars.co\/en\/wp-json\/wp\/v2\/product_brand?post=11234"},{"taxonomy":"product_cat","embeddable":true,"href":"https:\/\/shop.swimstars.co\/en\/wp-json\/wp\/v2\/product_cat?post=11234"},{"taxonomy":"product_tag","embeddable":true,"href":"https:\/\/shop.swimstars.co\/en\/wp-json\/wp\/v2\/product_tag?post=11234"}],"curies":[{"name":"wp","href":"https:\/\/api.w.org\/{rel}","templated":true}]}}