{"id":11222,"date":"2024-05-03T12:43:31","date_gmt":"2024-05-03T10:43:31","guid":{"rendered":"https:\/\/shop.swimstars.co\/?post_type=product&#038;p=11222"},"modified":"2024-05-03T12:54:31","modified_gmt":"2024-05-03T10:54:31","slug":"t-card-s-a-f-e-security-copie","status":"publish","type":"product","link":"https:\/\/shop.swimstars.co\/en\/produit\/t-card-s-a-f-e-security-copie\/","title":{"rendered":"T-Card S.A.F.E. Seguridad ( ES )"},"content":{"rendered":"","protected":false},"excerpt":{"rendered":"<p>Un herramienta pedag\u00f3gica indispensable para intervenciones escolares. Esta pancarta, ricamente ilustrada, est\u00e1 dise\u00f1ada para captar y educar a los ni\u00f1os de manera interactiva y visual. Forma parte de un conjunto de cuatro pancartas, cada una dedicada a una etapa clave de nuestro programa: Seguridad, Aprendizaje, Formaci\u00f3n y Medio Ambiente.<\/p>\n<p>Formato: 50 x 70 cm<\/p>\n<p>Espesor: 3.5 mm<\/p>\n<p>Material: Polipropileno (correx\/akilux)<\/p>\n","protected":false},"featured_media":11231,"comment_status":"open","ping_status":"closed","template":"","meta":[],"product_brand":[],"product_cat":[593],"product_tag":[],"class_list":{"0":"post-11222","1":"product","2":"type-product","3":"status-publish","4":"has-post-thumbnail","6":"product_cat-essentials","8":"first","9":"instock","10":"taxable","11":"shipping-taxable","12":"purchasable","13":"product-type-simple"},"_links":{"self":[{"href":"https:\/\/shop.swimstars.co\/en\/wp-json\/wp\/v2\/product\/11222","targetHints":{"allow":["GET"]}}],"collection":[{"href":"https:\/\/shop.swimstars.co\/en\/wp-json\/wp\/v2\/product"}],"about":[{"href":"https:\/\/shop.swimstars.co\/en\/wp-json\/wp\/v2\/types\/product"}],"replies":[{"embeddable":true,"href":"https:\/\/shop.swimstars.co\/en\/wp-json\/wp\/v2\/comments?post=11222"}],"wp:featuredmedia":[{"embeddable":true,"href":"https:\/\/shop.swimstars.co\/en\/wp-json\/wp\/v2\/media\/11231"}],"wp:attachment":[{"href":"https:\/\/shop.swimstars.co\/en\/wp-json\/wp\/v2\/media?parent=11222"}],"wp:term":[{"taxonomy":"product_brand","embeddable":true,"href":"https:\/\/shop.swimstars.co\/en\/wp-json\/wp\/v2\/product_brand?post=11222"},{"taxonomy":"product_cat","embeddable":true,"href":"https:\/\/shop.swimstars.co\/en\/wp-json\/wp\/v2\/product_cat?post=11222"},{"taxonomy":"product_tag","embeddable":true,"href":"https:\/\/shop.swimstars.co\/en\/wp-json\/wp\/v2\/product_tag?post=11222"}],"curies":[{"name":"wp","href":"https:\/\/api.w.org\/{rel}","templated":true}]}}